{"id":20095,"date":"2025-12-16T12:18:00","date_gmt":"2025-12-16T10:18:00","guid":{"rendered":"https:\/\/dev.aortic-africa.org\/acces-restreint\/"},"modified":"2026-01-26T13:19:15","modified_gmt":"2026-01-26T11:19:15","slug":"acces-restreint","status":"publish","type":"page","link":"https:\/\/aortic-africa.org\/fr\/acces-restreint\/","title":{"rendered":"Acc\u00e8s Restreint"},"content":{"rendered":"\t\t<div data-elementor-type=\"wp-page\" data-elementor-id=\"20095\" class=\"elementor elementor-20095 elementor-18378\" data-elementor-post-type=\"page\">\n\t\t\t\t<div class=\"elementor-element elementor-element-4e81e01 e-flex e-con-boxed e-con e-parent\" data-id=\"4e81e01\" data-element_type=\"container\" data-e-type=\"container\" data-settings=\"{&quot;jet_parallax_layout_list&quot;:[]}\">\n\t\t\t\t\t<div class=\"e-con-inner\">\n\t\t\t\t<div class=\"elementor-element elementor-element-5b0a40e elementor-widget elementor-widget-heading\" data-id=\"5b0a40e\" data-element_type=\"widget\" data-e-type=\"widget\" data-widget_type=\"heading.default\">\n\t\t\t\t\t<h2 class=\"elementor-heading-title elementor-size-default\">This content is restricted. <\/h2>\t\t\t\t<\/div>\n\t\t\t\t<div class=\"elementor-element elementor-element-381c643 elementor-widget elementor-widget-heading\" data-id=\"381c643\" data-element_type=\"widget\" data-e-type=\"widget\" data-widget_type=\"heading.default\">\n\t\t\t\t\t<h2 class=\"elementor-heading-title elementor-size-default\">Rejoignez-nous et acc\u00e9dez \u00e0 toutes les pages r\u00e9serv\u00e9es aux membres<\/h2>\t\t\t\t<\/div>\n\t\t\t\t<div class=\"elementor-element elementor-element-189e96c elementor-mobile-align-justify elementor-align-left elementor-widget elementor-widget-button\" data-id=\"189e96c\" data-element_type=\"widget\" data-e-type=\"widget\" data-widget_type=\"button.default\">\n\t\t\t\t\t\t\t\t\t\t<a class=\"elementor-button elementor-button-link elementor-size-sm\" href=\"https:\/\/aortic-africa.org\/membership-signup-form\/\">\n\t\t\t\t\t\t<span class=\"elementor-button-content-wrapper\">\n\t\t\t\t\t\t\t\t\t<span class=\"elementor-button-text\">Devenir membre<\/span>\n\t\t\t\t\t<\/span>\n\t\t\t\t\t<\/a>\n\t\t\t\t\t\t\t\t<\/div>\n\t\t\t\t\t<\/div>\n\t\t\t\t<\/div>\n\t\t\t\t<\/div>\n\t\t","protected":false},"excerpt":{"rendered":"<p>Rejoignez-nous et acc\u00e9dez \u00e0 toutes les pages r\u00e9serv\u00e9es aux membres Devenir membre<\/p>\n","protected":false},"author":1,"featured_media":0,"parent":0,"menu_order":0,"comment_status":"closed","ping_status":"closed","template":"","meta":{"_acf_changed":false,"pmpro_default_level":"","footnotes":""},"class_list":["post-20095","page","type-page","status-publish","hentry","pmpro-has-access"],"acf":[],"yoast_head":"<!-- This site is optimized with the Yoast SEO plugin v27.3 - https:\/\/yoast.com\/product\/yoast-seo-wordpress\/ -->\n<title>Acc\u00e8s Restreint - AORTIC AFRICA<\/title>\n<meta name=\"robots\" content=\"index, follow, max-snippet:-1, max-image-preview:large, max-video-preview:-1\" \/>\n<link rel=\"canonical\" href=\"https:\/\/aortic-africa.org\/access-restricted\/\" \/>\n<meta property=\"og:locale\" content=\"fr_FR\" \/>\n<meta property=\"og:type\" content=\"article\" \/>\n<meta property=\"og:title\" content=\"Acc\u00e8s Restreint - AORTIC AFRICA\" \/>\n<meta property=\"og:description\" content=\"Rejoignez-nous et acc\u00e9dez \u00e0 toutes les pages r\u00e9serv\u00e9es aux membres Devenir membre\" \/>\n<meta property=\"og:url\" content=\"https:\/\/aortic-africa.org\/access-restricted\/\" \/>\n<meta property=\"og:site_name\" content=\"AORTIC AFRICA\" \/>\n<meta property=\"article:publisher\" content=\"https:\/\/www.facebook.com\/Aortic.Africa\/\" \/>\n<meta property=\"article:modified_time\" content=\"2026-01-26T11:19:15+00:00\" \/>\n<meta name=\"twitter:card\" content=\"summary_large_image\" \/>\n<meta name=\"twitter:site\" content=\"@aortic_africa\" \/>\n<script type=\"application\/ld+json\" class=\"yoast-schema-graph\">{\"@context\":\"https:\\\/\\\/schema.org\",\"@graph\":[{\"@type\":\"WebPage\",\"@id\":\"https:\\\/\\\/aortic-africa.org\\\/access-restricted\\\/\",\"url\":\"https:\\\/\\\/aortic-africa.org\\\/access-restricted\\\/\",\"name\":\"Acc\u00e8s Restreint - AORTIC AFRICA\",\"isPartOf\":{\"@id\":\"https:\\\/\\\/aortic-africa.org\\\/#website\"},\"datePublished\":\"2025-12-16T10:18:00+00:00\",\"dateModified\":\"2026-01-26T11:19:15+00:00\",\"breadcrumb\":{\"@id\":\"https:\\\/\\\/aortic-africa.org\\\/access-restricted\\\/#breadcrumb\"},\"inLanguage\":\"fr-FR\",\"potentialAction\":[{\"@type\":\"ReadAction\",\"target\":[\"https:\\\/\\\/aortic-africa.org\\\/access-restricted\\\/\"]}]},{\"@type\":\"BreadcrumbList\",\"@id\":\"https:\\\/\\\/aortic-africa.org\\\/access-restricted\\\/#breadcrumb\",\"itemListElement\":[{\"@type\":\"ListItem\",\"position\":1,\"name\":\"Home\",\"item\":\"https:\\\/\\\/aortic-africa.org\\\/fr\\\/\"},{\"@type\":\"ListItem\",\"position\":2,\"name\":\"Acc\u00e8s Restreint\"}]},{\"@type\":\"WebSite\",\"@id\":\"https:\\\/\\\/aortic-africa.org\\\/#website\",\"url\":\"https:\\\/\\\/aortic-africa.org\\\/\",\"name\":\"AORTIC AFRICA\",\"description\":\"African Organization for Research &amp; Training in Cancer\",\"publisher\":{\"@id\":\"https:\\\/\\\/aortic-africa.org\\\/#organization\"},\"alternateName\":\"African Organization for Research & Training in Cancer\",\"potentialAction\":[{\"@type\":\"SearchAction\",\"target\":{\"@type\":\"EntryPoint\",\"urlTemplate\":\"https:\\\/\\\/aortic-africa.org\\\/?s={search_term_string}\"},\"query-input\":{\"@type\":\"PropertyValueSpecification\",\"valueRequired\":true,\"valueName\":\"search_term_string\"}}],\"inLanguage\":\"fr-FR\"},{\"@type\":\"Organization\",\"@id\":\"https:\\\/\\\/aortic-africa.org\\\/#organization\",\"name\":\"African Organisation for Research & Training in Cancer\",\"url\":\"https:\\\/\\\/aortic-africa.org\\\/\",\"logo\":{\"@type\":\"ImageObject\",\"inLanguage\":\"fr-FR\",\"@id\":\"https:\\\/\\\/aortic-africa.org\\\/#\\\/schema\\\/logo\\\/image\\\/\",\"url\":\"https:\\\/\\\/aortic-africa.org\\\/wp-content\\\/uploads\\\/2025\\\/09\\\/AORTIC-logoaortic.svg\",\"contentUrl\":\"https:\\\/\\\/aortic-africa.org\\\/wp-content\\\/uploads\\\/2025\\\/09\\\/AORTIC-logoaortic.svg\",\"width\":333,\"height\":172,\"caption\":\"African Organisation for Research & Training in Cancer\"},\"image\":{\"@id\":\"https:\\\/\\\/aortic-africa.org\\\/#\\\/schema\\\/logo\\\/image\\\/\"},\"sameAs\":[\"https:\\\/\\\/www.facebook.com\\\/Aortic.Africa\\\/\",\"https:\\\/\\\/x.com\\\/aortic_africa\",\"https:\\\/\\\/www.linkedin.com\\\/in\\\/aortic-africa-75313938\\\/\",\"https:\\\/\\\/www.youtube.com\\\/channel\\\/UC__H8k770TNa8UW_c9X_EdA\\\/\"]}]}<\/script>\n<!-- \/ Yoast SEO plugin. -->","yoast_head_json":{"title":"Acc\u00e8s Restreint - AORTIC AFRICA","robots":{"index":"index","follow":"follow","max-snippet":"max-snippet:-1","max-image-preview":"max-image-preview:large","max-video-preview":"max-video-preview:-1"},"canonical":"https:\/\/aortic-africa.org\/access-restricted\/","og_locale":"fr_FR","og_type":"article","og_title":"Acc\u00e8s Restreint - AORTIC AFRICA","og_description":"Rejoignez-nous et acc\u00e9dez \u00e0 toutes les pages r\u00e9serv\u00e9es aux membres Devenir membre","og_url":"https:\/\/aortic-africa.org\/access-restricted\/","og_site_name":"AORTIC AFRICA","article_publisher":"https:\/\/www.facebook.com\/Aortic.Africa\/","article_modified_time":"2026-01-26T11:19:15+00:00","twitter_card":"summary_large_image","twitter_site":"@aortic_africa","schema":{"@context":"https:\/\/schema.org","@graph":[{"@type":"WebPage","@id":"https:\/\/aortic-africa.org\/access-restricted\/","url":"https:\/\/aortic-africa.org\/access-restricted\/","name":"Acc\u00e8s Restreint - AORTIC AFRICA","isPartOf":{"@id":"https:\/\/aortic-africa.org\/#website"},"datePublished":"2025-12-16T10:18:00+00:00","dateModified":"2026-01-26T11:19:15+00:00","breadcrumb":{"@id":"https:\/\/aortic-africa.org\/access-restricted\/#breadcrumb"},"inLanguage":"fr-FR","potentialAction":[{"@type":"ReadAction","target":["https:\/\/aortic-africa.org\/access-restricted\/"]}]},{"@type":"BreadcrumbList","@id":"https:\/\/aortic-africa.org\/access-restricted\/#breadcrumb","itemListElement":[{"@type":"ListItem","position":1,"name":"Home","item":"https:\/\/aortic-africa.org\/fr\/"},{"@type":"ListItem","position":2,"name":"Acc\u00e8s Restreint"}]},{"@type":"WebSite","@id":"https:\/\/aortic-africa.org\/#website","url":"https:\/\/aortic-africa.org\/","name":"AORTIC AFRICA","description":"African Organization for Research &amp; Training in Cancer","publisher":{"@id":"https:\/\/aortic-africa.org\/#organization"},"alternateName":"African Organization for Research & Training in Cancer","potentialAction":[{"@type":"SearchAction","target":{"@type":"EntryPoint","urlTemplate":"https:\/\/aortic-africa.org\/?s={search_term_string}"},"query-input":{"@type":"PropertyValueSpecification","valueRequired":true,"valueName":"search_term_string"}}],"inLanguage":"fr-FR"},{"@type":"Organization","@id":"https:\/\/aortic-africa.org\/#organization","name":"African Organisation for Research & Training in Cancer","url":"https:\/\/aortic-africa.org\/","logo":{"@type":"ImageObject","inLanguage":"fr-FR","@id":"https:\/\/aortic-africa.org\/#\/schema\/logo\/image\/","url":"https:\/\/aortic-africa.org\/wp-content\/uploads\/2025\/09\/AORTIC-logoaortic.svg","contentUrl":"https:\/\/aortic-africa.org\/wp-content\/uploads\/2025\/09\/AORTIC-logoaortic.svg","width":333,"height":172,"caption":"African Organisation for Research & Training in Cancer"},"image":{"@id":"https:\/\/aortic-africa.org\/#\/schema\/logo\/image\/"},"sameAs":["https:\/\/www.facebook.com\/Aortic.Africa\/","https:\/\/x.com\/aortic_africa","https:\/\/www.linkedin.com\/in\/aortic-africa-75313938\/","https:\/\/www.youtube.com\/channel\/UC__H8k770TNa8UW_c9X_EdA\/"]}]}},"_links":{"self":[{"href":"https:\/\/aortic-africa.org\/fr\/wp-json\/wp\/v2\/pages\/20095","targetHints":{"allow":["GET"]}}],"collection":[{"href":"https:\/\/aortic-africa.org\/fr\/wp-json\/wp\/v2\/pages"}],"about":[{"href":"https:\/\/aortic-africa.org\/fr\/wp-json\/wp\/v2\/types\/page"}],"author":[{"embeddable":true,"href":"https:\/\/aortic-africa.org\/fr\/wp-json\/wp\/v2\/users\/1"}],"replies":[{"embeddable":true,"href":"https:\/\/aortic-africa.org\/fr\/wp-json\/wp\/v2\/comments?post=20095"}],"version-history":[{"count":1,"href":"https:\/\/aortic-africa.org\/fr\/wp-json\/wp\/v2\/pages\/20095\/revisions"}],"predecessor-version":[{"id":20096,"href":"https:\/\/aortic-africa.org\/fr\/wp-json\/wp\/v2\/pages\/20095\/revisions\/20096"}],"wp:attachment":[{"href":"https:\/\/aortic-africa.org\/fr\/wp-json\/wp\/v2\/media?parent=20095"}],"curies":[{"name":"wp","href":"https:\/\/api.w.org\/{rel}","templated":true}]}}