{"id":20349,"date":"2025-10-10T10:38:56","date_gmt":"2025-10-10T08:38:56","guid":{"rendered":"https:\/\/dev.aortic-africa.org\/quem-somos\/"},"modified":"2026-01-26T13:16:16","modified_gmt":"2026-01-26T11:16:16","slug":"quem-somos","status":"publish","type":"page","link":"https:\/\/aortic-africa.org\/pt-pt\/sobre-nos-2\/quem-somos\/","title":{"rendered":"Quem somos"},"content":{"rendered":"\t\t<div data-elementor-type=\"wp-page\" data-elementor-id=\"20349\" class=\"elementor elementor-20349 elementor-12788\" data-elementor-post-type=\"page\">\n\t\t\t\t<div class=\"elementor-element elementor-element-5667cd80 e-flex e-con-boxed e-con e-parent\" data-id=\"5667cd80\" data-element_type=\"container\" data-e-type=\"container\" data-settings=\"{&quot;jet_parallax_layout_list&quot;:[]}\">\n\t\t\t\t\t<div class=\"e-con-inner\">\n\t\t\t\t<div class=\"elementor-element elementor-element-359fda14 elementor-widget elementor-widget-text-editor\" data-id=\"359fda14\" data-element_type=\"widget\" data-e-type=\"widget\" data-widget_type=\"text-editor.default\">\n\t\t\t\t\t\t\t\t\t<p><span data-olk-copy-source=\"MessageBody\">A AORTIC \u00e9 a \u00fanica organiza\u00e7\u00e3o n\u00e3o governamental pan-africana dedicada \u00e0 preven\u00e7\u00e3o, controlo, tratamento paliativo e sobreviv\u00eancia do cancro. Os nossos membros, em n\u00famero crescente e provenientes de todas as sub-regi\u00f5es de \u00c1frica, re\u00fanem-se de dois em dois anos na confer\u00eancia da AORTIC e nas reuni\u00f5es da AORTIC \u201cbreaking science\u201d. Entre as reuni\u00f5es presenciais anuais alternadas, apoiamos com cursos educativos virtuais e s\u00e9ries de webinars em parceria com organiza\u00e7\u00f5es internacionais de combate ao cancro. Oferecemos bolsas de investiga\u00e7\u00e3o atrav\u00e9s da nossa iniciativa emblem\u00e1tica BigCat e apoiamos l\u00edderes emergentes atrav\u00e9s da African Cancer Leaders Initiative.    <\/span><\/p><p>Os nossos membros tamb\u00e9m se re\u00fanem num vasto leque de quest\u00f5es-chave sobre o cancro definidas por Grupos de Interesse Especial, que incluem a defesa de direitos, trabalhando em conjunto com organiza\u00e7\u00f5es da sociedade civil e pessoas com experi\u00eancia vivida, para gerar recursos para os nossos membros, os meios de comunica\u00e7\u00e3o social e os decisores pol\u00edticos.<\/p><p>Fundada em 1983, a AORTIC recorda 40 anos de hist\u00f3ria. Governada por um Conselho Executivo que representa o Norte, Centro, Leste, Sul e Oeste de \u00c1frica, esfor\u00e7amo-nos por unir os africanos ativos na \u00e1rea do cancro, criar capacidades para causar um impacto positivo e partilhar as melhores pr\u00e1ticas em todo o continente, bem como envolvermo-nos globalmente no palco pol\u00edtico na Assembleia Mundial da Sa\u00fade, nas Na\u00e7\u00f5es Unidas e noutros canais. <\/p>\t\t\t\t\t\t\t\t<\/div>\n\t\t\t\t\t<\/div>\n\t\t\t\t<\/div>\n\t\t\t\t<\/div>\n\t\t","protected":false},"excerpt":{"rendered":"<p>A AORTIC \u00e9 a \u00fanica organiza\u00e7\u00e3o n\u00e3o governamental pan-africana dedicada \u00e0 preven\u00e7\u00e3o, controlo, tratamento paliativo e sobreviv\u00eancia do cancro. Os nossos membros, em n\u00famero crescente e provenientes de todas as [&hellip;]<\/p>\n","protected":false},"author":1,"featured_media":0,"parent":20361,"menu_order":0,"comment_status":"closed","ping_status":"closed","template":"","meta":{"_acf_changed":false,"pmpro_default_level":"","footnotes":""},"class_list":["post-20349","page","type-page","status-publish","hentry","pmpro-has-access"],"acf":[],"yoast_head":"<!-- This site is optimized with the Yoast SEO plugin v27.3 - https:\/\/yoast.com\/product\/yoast-seo-wordpress\/ -->\n<title>Quem somos - AORTIC AFRICA<\/title>\n<meta name=\"robots\" content=\"index, follow, max-snippet:-1, max-image-preview:large, max-video-preview:-1\" \/>\n<link rel=\"canonical\" href=\"https:\/\/aortic-africa.org\/about-us\/who-we-are\/\" \/>\n<meta property=\"og:locale\" content=\"pt_PT\" \/>\n<meta property=\"og:type\" content=\"article\" \/>\n<meta property=\"og:title\" content=\"Quem somos - AORTIC AFRICA\" \/>\n<meta property=\"og:description\" content=\"A AORTIC \u00e9 a \u00fanica organiza\u00e7\u00e3o n\u00e3o governamental pan-africana dedicada \u00e0 preven\u00e7\u00e3o, controlo, tratamento paliativo e sobreviv\u00eancia do cancro. Os nossos membros, em n\u00famero crescente e provenientes de todas as [&hellip;]\" \/>\n<meta property=\"og:url\" content=\"https:\/\/aortic-africa.org\/about-us\/who-we-are\/\" \/>\n<meta property=\"og:site_name\" content=\"AORTIC AFRICA\" \/>\n<meta property=\"article:publisher\" content=\"https:\/\/www.facebook.com\/Aortic.Africa\/\" \/>\n<meta property=\"article:modified_time\" content=\"2026-01-26T11:16:16+00:00\" \/>\n<meta name=\"twitter:card\" content=\"summary_large_image\" \/>\n<meta name=\"twitter:site\" content=\"@aortic_africa\" \/>\n<meta name=\"twitter:label1\" content=\"Tempo estimado de leitura\" \/>\n\t<meta name=\"twitter:data1\" content=\"1 minuto\" \/>\n<script type=\"application\/ld+json\" class=\"yoast-schema-graph\">{\"@context\":\"https:\\\/\\\/schema.org\",\"@graph\":[{\"@type\":\"WebPage\",\"@id\":\"https:\\\/\\\/aortic-africa.org\\\/about-us\\\/who-we-are\\\/\",\"url\":\"https:\\\/\\\/aortic-africa.org\\\/about-us\\\/who-we-are\\\/\",\"name\":\"Quem somos - AORTIC AFRICA\",\"isPartOf\":{\"@id\":\"https:\\\/\\\/aortic-africa.org\\\/#website\"},\"datePublished\":\"2025-10-10T08:38:56+00:00\",\"dateModified\":\"2026-01-26T11:16:16+00:00\",\"breadcrumb\":{\"@id\":\"https:\\\/\\\/aortic-africa.org\\\/about-us\\\/who-we-are\\\/#breadcrumb\"},\"inLanguage\":\"pt-PT\",\"potentialAction\":[{\"@type\":\"ReadAction\",\"target\":[\"https:\\\/\\\/aortic-africa.org\\\/about-us\\\/who-we-are\\\/\"]}]},{\"@type\":\"BreadcrumbList\",\"@id\":\"https:\\\/\\\/aortic-africa.org\\\/about-us\\\/who-we-are\\\/#breadcrumb\",\"itemListElement\":[{\"@type\":\"ListItem\",\"position\":1,\"name\":\"Home\",\"item\":\"https:\\\/\\\/aortic-africa.org\\\/pt-pt\\\/\"},{\"@type\":\"ListItem\",\"position\":2,\"name\":\"Sobre n\u00f3s\",\"item\":\"https:\\\/\\\/aortic-africa.org\\\/pt-pt\\\/sobre-nos-2\\\/\"},{\"@type\":\"ListItem\",\"position\":3,\"name\":\"Quem somos\"}]},{\"@type\":\"WebSite\",\"@id\":\"https:\\\/\\\/aortic-africa.org\\\/#website\",\"url\":\"https:\\\/\\\/aortic-africa.org\\\/\",\"name\":\"AORTIC AFRICA\",\"description\":\"African Organization for Research &amp; Training in Cancer\",\"publisher\":{\"@id\":\"https:\\\/\\\/aortic-africa.org\\\/#organization\"},\"alternateName\":\"African Organization for Research & Training in Cancer\",\"potentialAction\":[{\"@type\":\"SearchAction\",\"target\":{\"@type\":\"EntryPoint\",\"urlTemplate\":\"https:\\\/\\\/aortic-africa.org\\\/?s={search_term_string}\"},\"query-input\":{\"@type\":\"PropertyValueSpecification\",\"valueRequired\":true,\"valueName\":\"search_term_string\"}}],\"inLanguage\":\"pt-PT\"},{\"@type\":\"Organization\",\"@id\":\"https:\\\/\\\/aortic-africa.org\\\/#organization\",\"name\":\"African Organisation for Research & Training in Cancer\",\"url\":\"https:\\\/\\\/aortic-africa.org\\\/\",\"logo\":{\"@type\":\"ImageObject\",\"inLanguage\":\"pt-PT\",\"@id\":\"https:\\\/\\\/aortic-africa.org\\\/#\\\/schema\\\/logo\\\/image\\\/\",\"url\":\"https:\\\/\\\/aortic-africa.org\\\/wp-content\\\/uploads\\\/2025\\\/09\\\/AORTIC-logoaortic.svg\",\"contentUrl\":\"https:\\\/\\\/aortic-africa.org\\\/wp-content\\\/uploads\\\/2025\\\/09\\\/AORTIC-logoaortic.svg\",\"width\":333,\"height\":172,\"caption\":\"African Organisation for Research & Training in Cancer\"},\"image\":{\"@id\":\"https:\\\/\\\/aortic-africa.org\\\/#\\\/schema\\\/logo\\\/image\\\/\"},\"sameAs\":[\"https:\\\/\\\/www.facebook.com\\\/Aortic.Africa\\\/\",\"https:\\\/\\\/x.com\\\/aortic_africa\",\"https:\\\/\\\/www.linkedin.com\\\/in\\\/aortic-africa-75313938\\\/\",\"https:\\\/\\\/www.youtube.com\\\/channel\\\/UC__H8k770TNa8UW_c9X_EdA\\\/\"]}]}<\/script>\n<!-- \/ Yoast SEO plugin. -->","yoast_head_json":{"title":"Quem somos - AORTIC AFRICA","robots":{"index":"index","follow":"follow","max-snippet":"max-snippet:-1","max-image-preview":"max-image-preview:large","max-video-preview":"max-video-preview:-1"},"canonical":"https:\/\/aortic-africa.org\/about-us\/who-we-are\/","og_locale":"pt_PT","og_type":"article","og_title":"Quem somos - AORTIC AFRICA","og_description":"A AORTIC \u00e9 a \u00fanica organiza\u00e7\u00e3o n\u00e3o governamental pan-africana dedicada \u00e0 preven\u00e7\u00e3o, controlo, tratamento paliativo e sobreviv\u00eancia do cancro. Os nossos membros, em n\u00famero crescente e provenientes de todas as [&hellip;]","og_url":"https:\/\/aortic-africa.org\/about-us\/who-we-are\/","og_site_name":"AORTIC AFRICA","article_publisher":"https:\/\/www.facebook.com\/Aortic.Africa\/","article_modified_time":"2026-01-26T11:16:16+00:00","twitter_card":"summary_large_image","twitter_site":"@aortic_africa","twitter_misc":{"Tempo estimado de leitura":"1 minuto"},"schema":{"@context":"https:\/\/schema.org","@graph":[{"@type":"WebPage","@id":"https:\/\/aortic-africa.org\/about-us\/who-we-are\/","url":"https:\/\/aortic-africa.org\/about-us\/who-we-are\/","name":"Quem somos - AORTIC AFRICA","isPartOf":{"@id":"https:\/\/aortic-africa.org\/#website"},"datePublished":"2025-10-10T08:38:56+00:00","dateModified":"2026-01-26T11:16:16+00:00","breadcrumb":{"@id":"https:\/\/aortic-africa.org\/about-us\/who-we-are\/#breadcrumb"},"inLanguage":"pt-PT","potentialAction":[{"@type":"ReadAction","target":["https:\/\/aortic-africa.org\/about-us\/who-we-are\/"]}]},{"@type":"BreadcrumbList","@id":"https:\/\/aortic-africa.org\/about-us\/who-we-are\/#breadcrumb","itemListElement":[{"@type":"ListItem","position":1,"name":"Home","item":"https:\/\/aortic-africa.org\/pt-pt\/"},{"@type":"ListItem","position":2,"name":"Sobre n\u00f3s","item":"https:\/\/aortic-africa.org\/pt-pt\/sobre-nos-2\/"},{"@type":"ListItem","position":3,"name":"Quem somos"}]},{"@type":"WebSite","@id":"https:\/\/aortic-africa.org\/#website","url":"https:\/\/aortic-africa.org\/","name":"AORTIC AFRICA","description":"African Organization for Research &amp; Training in Cancer","publisher":{"@id":"https:\/\/aortic-africa.org\/#organization"},"alternateName":"African Organization for Research & Training in Cancer","potentialAction":[{"@type":"SearchAction","target":{"@type":"EntryPoint","urlTemplate":"https:\/\/aortic-africa.org\/?s={search_term_string}"},"query-input":{"@type":"PropertyValueSpecification","valueRequired":true,"valueName":"search_term_string"}}],"inLanguage":"pt-PT"},{"@type":"Organization","@id":"https:\/\/aortic-africa.org\/#organization","name":"African Organisation for Research & Training in Cancer","url":"https:\/\/aortic-africa.org\/","logo":{"@type":"ImageObject","inLanguage":"pt-PT","@id":"https:\/\/aortic-africa.org\/#\/schema\/logo\/image\/","url":"https:\/\/aortic-africa.org\/wp-content\/uploads\/2025\/09\/AORTIC-logoaortic.svg","contentUrl":"https:\/\/aortic-africa.org\/wp-content\/uploads\/2025\/09\/AORTIC-logoaortic.svg","width":333,"height":172,"caption":"African Organisation for Research & Training in Cancer"},"image":{"@id":"https:\/\/aortic-africa.org\/#\/schema\/logo\/image\/"},"sameAs":["https:\/\/www.facebook.com\/Aortic.Africa\/","https:\/\/x.com\/aortic_africa","https:\/\/www.linkedin.com\/in\/aortic-africa-75313938\/","https:\/\/www.youtube.com\/channel\/UC__H8k770TNa8UW_c9X_EdA\/"]}]}},"_links":{"self":[{"href":"https:\/\/aortic-africa.org\/pt-pt\/wp-json\/wp\/v2\/pages\/20349","targetHints":{"allow":["GET"]}}],"collection":[{"href":"https:\/\/aortic-africa.org\/pt-pt\/wp-json\/wp\/v2\/pages"}],"about":[{"href":"https:\/\/aortic-africa.org\/pt-pt\/wp-json\/wp\/v2\/types\/page"}],"author":[{"embeddable":true,"href":"https:\/\/aortic-africa.org\/pt-pt\/wp-json\/wp\/v2\/users\/1"}],"replies":[{"embeddable":true,"href":"https:\/\/aortic-africa.org\/pt-pt\/wp-json\/wp\/v2\/comments?post=20349"}],"version-history":[{"count":1,"href":"https:\/\/aortic-africa.org\/pt-pt\/wp-json\/wp\/v2\/pages\/20349\/revisions"}],"predecessor-version":[{"id":20350,"href":"https:\/\/aortic-africa.org\/pt-pt\/wp-json\/wp\/v2\/pages\/20349\/revisions\/20350"}],"up":[{"embeddable":true,"href":"https:\/\/aortic-africa.org\/pt-pt\/wp-json\/wp\/v2\/pages\/20361"}],"wp:attachment":[{"href":"https:\/\/aortic-africa.org\/pt-pt\/wp-json\/wp\/v2\/media?parent=20349"}],"curies":[{"name":"wp","href":"https:\/\/api.w.org\/{rel}","templated":true}]}}