{"id":20374,"date":"2025-10-10T10:40:05","date_gmt":"2025-10-10T08:40:05","guid":{"rendered":"https:\/\/dev.aortic-africa.org\/sobre-nos-2\/visao-e-missao\/"},"modified":"2026-01-26T13:16:21","modified_gmt":"2026-01-26T11:16:21","slug":"visao-e-missao","status":"publish","type":"page","link":"https:\/\/aortic-africa.org\/pt-pt\/sobre-nos-2\/visao-e-missao\/","title":{"rendered":"Vis\u00e3o e Miss\u00e3o"},"content":{"rendered":"\t\t<div data-elementor-type=\"wp-page\" data-elementor-id=\"20374\" class=\"elementor elementor-20374 elementor-12792\" data-elementor-post-type=\"page\">\n\t\t\t\t<div class=\"elementor-element elementor-element-4e21def elementor-hidden-mobile e-flex e-con-boxed e-con e-parent\" data-id=\"4e21def\" data-element_type=\"container\" data-e-type=\"container\" data-settings=\"{&quot;jet_parallax_layout_list&quot;:[]}\">\n\t\t\t\t\t<div class=\"e-con-inner\">\n\t\t<div data-dce-background-image-url=\"https:\/\/aortic-africa.org\/wp-content\/uploads\/2025\/12\/4085.jpg\" class=\"elementor-element elementor-element-813bc6f e-con-full animated-slow e-flex elementor-invisible e-con e-child\" data-id=\"813bc6f\" data-element_type=\"container\" data-e-type=\"container\" data-settings=\"{&quot;background_background&quot;:&quot;classic&quot;,&quot;animation&quot;:&quot;fadeInDown&quot;,&quot;jet_parallax_layout_list&quot;:[]}\">\n\t\t\t\t<div class=\"elementor-element elementor-element-d1cb52b elementor-widget elementor-widget-heading\" data-id=\"d1cb52b\" data-element_type=\"widget\" data-e-type=\"widget\" data-widget_type=\"heading.default\">\n\t\t\t\t\t<h2 class=\"elementor-heading-title elementor-size-default\">Vis\u00e3o<\/h2>\t\t\t\t<\/div>\n\t\t\t\t<\/div>\n\t\t<div class=\"elementor-element elementor-element-b25430f e-con-full e-flex e-con e-child\" data-id=\"b25430f\" data-element_type=\"container\" data-e-type=\"container\" data-settings=\"{&quot;jet_parallax_layout_list&quot;:[]}\">\n\t\t\t\t<div class=\"elementor-element elementor-element-2c289c3 animated-slow elementor-invisible elementor-widget elementor-widget-text-editor\" data-id=\"2c289c3\" data-element_type=\"widget\" data-e-type=\"widget\" data-settings=\"{&quot;_animation&quot;:&quot;fadeInLeft&quot;,&quot;_animation_delay&quot;:700}\" data-widget_type=\"text-editor.default\">\n\t\t\t\t\t\t\t\t\t\u00c1frica, um continente onde o acesso aos cuidados oncol\u00f3gicos para todos \u00e9 uma realidade.\t\t\t\t\t\t\t\t<\/div>\n\t\t\t\t<\/div>\n\t\t<div class=\"elementor-element elementor-element-be68c31 e-con-full e-flex e-con e-child\" data-id=\"be68c31\" data-element_type=\"container\" data-e-type=\"container\" data-settings=\"{&quot;jet_parallax_layout_list&quot;:[]}\">\n\t\t\t\t<div class=\"elementor-element elementor-element-3af1f0a animated-slow elementor-invisible elementor-widget elementor-widget-text-editor\" data-id=\"3af1f0a\" data-element_type=\"widget\" data-e-type=\"widget\" data-settings=\"{&quot;_animation&quot;:&quot;fadeInRight&quot;,&quot;_animation_delay&quot;:700}\" data-widget_type=\"text-editor.default\">\n\t\t\t\t\t\t\t\t\tTransformar o controlo do cancro em \u00c1frica atrav\u00e9s da colabora\u00e7\u00e3o na educa\u00e7\u00e3o, investiga\u00e7\u00e3o e forma\u00e7\u00e3o para a presta\u00e7\u00e3o de interven\u00e7\u00f5es equitativas, oportunas e de qualidade, a fim de minimizar o impacto do cancro atrav\u00e9s da preven\u00e7\u00e3o, dete\u00e7\u00e3o e diagn\u00f3stico precoces, gest\u00e3o da qualidade do cancro e cuidados de sobreviv\u00eancia.\t\t\t\t\t\t\t\t<\/div>\n\t\t\t\t<\/div>\n\t\t<div data-dce-background-image-url=\"https:\/\/aortic-africa.org\/wp-content\/uploads\/2025\/12\/2148776160.jpg\" class=\"elementor-element elementor-element-17a27a3 e-con-full animated-slow e-flex elementor-invisible e-con e-child\" data-id=\"17a27a3\" data-element_type=\"container\" data-e-type=\"container\" data-settings=\"{&quot;background_background&quot;:&quot;classic&quot;,&quot;animation&quot;:&quot;fadeInUp&quot;,&quot;jet_parallax_layout_list&quot;:[]}\">\n\t\t\t\t<div class=\"elementor-element elementor-element-1feed84 elementor-widget elementor-widget-heading\" data-id=\"1feed84\" data-element_type=\"widget\" data-e-type=\"widget\" data-widget_type=\"heading.default\">\n\t\t\t\t\t<h2 class=\"elementor-heading-title elementor-size-default\">Miss\u00e3o<\/h2>\t\t\t\t<\/div>\n\t\t\t\t<\/div>\n\t\t\t\t\t<\/div>\n\t\t\t\t<\/div>\n\t\t<div class=\"elementor-element elementor-element-91e085b elementor-hidden-desktop elementor-hidden-laptop elementor-hidden-tablet e-flex e-con-boxed e-con e-parent\" data-id=\"91e085b\" data-element_type=\"container\" data-e-type=\"container\" data-settings=\"{&quot;jet_parallax_layout_list&quot;:[]}\">\n\t\t\t\t\t<div class=\"e-con-inner\">\n\t\t<div data-dce-background-image-url=\"https:\/\/aortic-africa.org\/wp-content\/uploads\/2025\/10\/vision.jpg\" class=\"elementor-element elementor-element-74d7205 e-con-full animated-slow e-flex elementor-invisible e-con e-child\" data-id=\"74d7205\" data-element_type=\"container\" data-e-type=\"container\" data-settings=\"{&quot;background_background&quot;:&quot;classic&quot;,&quot;animation&quot;:&quot;fadeInDown&quot;,&quot;jet_parallax_layout_list&quot;:[]}\">\n\t\t\t\t<div class=\"elementor-element elementor-element-7d0cfd3 elementor-widget elementor-widget-heading\" data-id=\"7d0cfd3\" data-element_type=\"widget\" data-e-type=\"widget\" data-widget_type=\"heading.default\">\n\t\t\t\t\t<h2 class=\"elementor-heading-title elementor-size-default\">Vis\u00e3o<\/h2>\t\t\t\t<\/div>\n\t\t\t\t<\/div>\n\t\t<div class=\"elementor-element elementor-element-c2c5df9 e-con-full e-flex e-con e-child\" data-id=\"c2c5df9\" data-element_type=\"container\" data-e-type=\"container\" data-settings=\"{&quot;jet_parallax_layout_list&quot;:[]}\">\n\t\t\t\t<div class=\"elementor-element elementor-element-9dd6b64 animated-slow elementor-invisible elementor-widget elementor-widget-text-editor\" data-id=\"9dd6b64\" data-element_type=\"widget\" data-e-type=\"widget\" data-settings=\"{&quot;_animation&quot;:&quot;fadeInLeft&quot;,&quot;_animation_delay&quot;:700}\" data-widget_type=\"text-editor.default\">\n\t\t\t\t\t\t\t\t\t\u00c1frica, um continente onde o acesso aos cuidados oncol\u00f3gicos para todos \u00e9 uma realidade.\t\t\t\t\t\t\t\t<\/div>\n\t\t\t\t<\/div>\n\t\t<div data-dce-background-image-url=\"https:\/\/aortic-africa.org\/wp-content\/uploads\/2025\/10\/mission.jpg\" class=\"elementor-element elementor-element-e8e1e7c e-con-full animated-slow e-flex elementor-invisible e-con e-child\" data-id=\"e8e1e7c\" data-element_type=\"container\" data-e-type=\"container\" data-settings=\"{&quot;background_background&quot;:&quot;classic&quot;,&quot;animation&quot;:&quot;fadeInUp&quot;,&quot;jet_parallax_layout_list&quot;:[]}\">\n\t\t\t\t<div class=\"elementor-element elementor-element-c779624 elementor-widget elementor-widget-heading\" data-id=\"c779624\" data-element_type=\"widget\" data-e-type=\"widget\" data-widget_type=\"heading.default\">\n\t\t\t\t\t<h2 class=\"elementor-heading-title elementor-size-default\">Miss\u00e3o<\/h2>\t\t\t\t<\/div>\n\t\t\t\t<\/div>\n\t\t<div class=\"elementor-element elementor-element-06e502b e-con-full e-flex e-con e-child\" data-id=\"06e502b\" data-element_type=\"container\" data-e-type=\"container\" data-settings=\"{&quot;jet_parallax_layout_list&quot;:[]}\">\n\t\t\t\t<div class=\"elementor-element elementor-element-09ba8d2 animated-slow elementor-invisible elementor-widget elementor-widget-text-editor\" data-id=\"09ba8d2\" data-element_type=\"widget\" data-e-type=\"widget\" data-settings=\"{&quot;_animation&quot;:&quot;fadeInRight&quot;,&quot;_animation_delay&quot;:700}\" data-widget_type=\"text-editor.default\">\n\t\t\t\t\t\t\t\t\tTransformar o controlo do cancro em \u00c1frica atrav\u00e9s da colabora\u00e7\u00e3o na educa\u00e7\u00e3o, investiga\u00e7\u00e3o e forma\u00e7\u00e3o para a presta\u00e7\u00e3o de interven\u00e7\u00f5es equitativas, oportunas e de qualidade, a fim de minimizar o impacto do cancro atrav\u00e9s da preven\u00e7\u00e3o, dete\u00e7\u00e3o e diagn\u00f3stico precoces, gest\u00e3o da qualidade do cancro e cuidados de sobreviv\u00eancia.\t\t\t\t\t\t\t\t<\/div>\n\t\t\t\t<\/div>\n\t\t\t\t\t<\/div>\n\t\t\t\t<\/div>\n\t\t<!-- dce invisible element 574ae576 -->\t\t<\/div>\n\t\t","protected":false},"excerpt":{"rendered":"<p>Vis\u00e3o \u00c1frica, um continente onde o acesso aos cuidados oncol\u00f3gicos para todos \u00e9 uma realidade.Transformar o controlo do cancro em \u00c1frica atrav\u00e9s da colabora\u00e7\u00e3o na educa\u00e7\u00e3o, investiga\u00e7\u00e3o e forma\u00e7\u00e3o para [&hellip;]<\/p>\n","protected":false},"author":1,"featured_media":0,"parent":20361,"menu_order":0,"comment_status":"closed","ping_status":"closed","template":"","meta":{"_acf_changed":false,"pmpro_default_level":"","footnotes":""},"class_list":["post-20374","page","type-page","status-publish","hentry","pmpro-has-access"],"acf":[],"yoast_head":"<!-- This site is optimized with the Yoast SEO plugin v27.3 - https:\/\/yoast.com\/product\/yoast-seo-wordpress\/ -->\n<title>Vis\u00e3o e Miss\u00e3o - AORTIC AFRICA<\/title>\n<meta name=\"robots\" content=\"index, follow, max-snippet:-1, max-image-preview:large, max-video-preview:-1\" \/>\n<link rel=\"canonical\" href=\"https:\/\/aortic-africa.org\/pt-pt\/sobre-nos-2\/visao-e-missao\/\" \/>\n<meta property=\"og:locale\" content=\"pt_PT\" \/>\n<meta property=\"og:type\" content=\"article\" \/>\n<meta property=\"og:title\" content=\"Vis\u00e3o e Miss\u00e3o - AORTIC AFRICA\" \/>\n<meta property=\"og:description\" content=\"Vis\u00e3o \u00c1frica, um continente onde o acesso aos cuidados oncol\u00f3gicos para todos \u00e9 uma realidade.Transformar o controlo do cancro em \u00c1frica atrav\u00e9s da colabora\u00e7\u00e3o na educa\u00e7\u00e3o, investiga\u00e7\u00e3o e forma\u00e7\u00e3o para [&hellip;]\" \/>\n<meta property=\"og:url\" content=\"https:\/\/aortic-africa.org\/pt-pt\/sobre-nos-2\/visao-e-missao\/\" \/>\n<meta property=\"og:site_name\" content=\"AORTIC AFRICA\" \/>\n<meta property=\"article:publisher\" content=\"https:\/\/www.facebook.com\/Aortic.Africa\/\" \/>\n<meta property=\"article:modified_time\" content=\"2026-01-26T11:16:21+00:00\" \/>\n<meta name=\"twitter:card\" content=\"summary_large_image\" \/>\n<meta name=\"twitter:site\" content=\"@aortic_africa\" \/>\n<meta name=\"twitter:label1\" content=\"Tempo estimado de leitura\" \/>\n\t<meta name=\"twitter:data1\" content=\"1 minuto\" \/>\n<script type=\"application\/ld+json\" class=\"yoast-schema-graph\">{\"@context\":\"https:\\\/\\\/schema.org\",\"@graph\":[{\"@type\":\"WebPage\",\"@id\":\"https:\\\/\\\/aortic-africa.org\\\/pt-pt\\\/sobre-nos-2\\\/visao-e-missao\\\/\",\"url\":\"https:\\\/\\\/aortic-africa.org\\\/pt-pt\\\/sobre-nos-2\\\/visao-e-missao\\\/\",\"name\":\"Vis\u00e3o e Miss\u00e3o - AORTIC AFRICA\",\"isPartOf\":{\"@id\":\"https:\\\/\\\/aortic-africa.org\\\/#website\"},\"datePublished\":\"2025-10-10T08:40:05+00:00\",\"dateModified\":\"2026-01-26T11:16:21+00:00\",\"breadcrumb\":{\"@id\":\"https:\\\/\\\/aortic-africa.org\\\/pt-pt\\\/sobre-nos-2\\\/visao-e-missao\\\/#breadcrumb\"},\"inLanguage\":\"pt-PT\",\"potentialAction\":[{\"@type\":\"ReadAction\",\"target\":[\"https:\\\/\\\/aortic-africa.org\\\/pt-pt\\\/sobre-nos-2\\\/visao-e-missao\\\/\"]}]},{\"@type\":\"BreadcrumbList\",\"@id\":\"https:\\\/\\\/aortic-africa.org\\\/pt-pt\\\/sobre-nos-2\\\/visao-e-missao\\\/#breadcrumb\",\"itemListElement\":[{\"@type\":\"ListItem\",\"position\":1,\"name\":\"Home\",\"item\":\"https:\\\/\\\/aortic-africa.org\\\/pt-pt\\\/\"},{\"@type\":\"ListItem\",\"position\":2,\"name\":\"Sobre n\u00f3s\",\"item\":\"https:\\\/\\\/aortic-africa.org\\\/pt-pt\\\/sobre-nos-2\\\/\"},{\"@type\":\"ListItem\",\"position\":3,\"name\":\"Vis\u00e3o e Miss\u00e3o\"}]},{\"@type\":\"WebSite\",\"@id\":\"https:\\\/\\\/aortic-africa.org\\\/#website\",\"url\":\"https:\\\/\\\/aortic-africa.org\\\/\",\"name\":\"AORTIC AFRICA\",\"description\":\"African Organization for Research &amp; Training in Cancer\",\"publisher\":{\"@id\":\"https:\\\/\\\/aortic-africa.org\\\/#organization\"},\"alternateName\":\"African Organization for Research & Training in Cancer\",\"potentialAction\":[{\"@type\":\"SearchAction\",\"target\":{\"@type\":\"EntryPoint\",\"urlTemplate\":\"https:\\\/\\\/aortic-africa.org\\\/?s={search_term_string}\"},\"query-input\":{\"@type\":\"PropertyValueSpecification\",\"valueRequired\":true,\"valueName\":\"search_term_string\"}}],\"inLanguage\":\"pt-PT\"},{\"@type\":\"Organization\",\"@id\":\"https:\\\/\\\/aortic-africa.org\\\/#organization\",\"name\":\"African Organisation for Research & Training in Cancer\",\"url\":\"https:\\\/\\\/aortic-africa.org\\\/\",\"logo\":{\"@type\":\"ImageObject\",\"inLanguage\":\"pt-PT\",\"@id\":\"https:\\\/\\\/aortic-africa.org\\\/#\\\/schema\\\/logo\\\/image\\\/\",\"url\":\"https:\\\/\\\/aortic-africa.org\\\/wp-content\\\/uploads\\\/2025\\\/09\\\/AORTIC-logoaortic.svg\",\"contentUrl\":\"https:\\\/\\\/aortic-africa.org\\\/wp-content\\\/uploads\\\/2025\\\/09\\\/AORTIC-logoaortic.svg\",\"width\":333,\"height\":172,\"caption\":\"African Organisation for Research & Training in Cancer\"},\"image\":{\"@id\":\"https:\\\/\\\/aortic-africa.org\\\/#\\\/schema\\\/logo\\\/image\\\/\"},\"sameAs\":[\"https:\\\/\\\/www.facebook.com\\\/Aortic.Africa\\\/\",\"https:\\\/\\\/x.com\\\/aortic_africa\",\"https:\\\/\\\/www.linkedin.com\\\/in\\\/aortic-africa-75313938\\\/\",\"https:\\\/\\\/www.youtube.com\\\/channel\\\/UC__H8k770TNa8UW_c9X_EdA\\\/\"]}]}<\/script>\n<!-- \/ Yoast SEO plugin. -->","yoast_head_json":{"title":"Vis\u00e3o e Miss\u00e3o - AORTIC AFRICA","robots":{"index":"index","follow":"follow","max-snippet":"max-snippet:-1","max-image-preview":"max-image-preview:large","max-video-preview":"max-video-preview:-1"},"canonical":"https:\/\/aortic-africa.org\/pt-pt\/sobre-nos-2\/visao-e-missao\/","og_locale":"pt_PT","og_type":"article","og_title":"Vis\u00e3o e Miss\u00e3o - AORTIC AFRICA","og_description":"Vis\u00e3o \u00c1frica, um continente onde o acesso aos cuidados oncol\u00f3gicos para todos \u00e9 uma realidade.Transformar o controlo do cancro em \u00c1frica atrav\u00e9s da colabora\u00e7\u00e3o na educa\u00e7\u00e3o, investiga\u00e7\u00e3o e forma\u00e7\u00e3o para [&hellip;]","og_url":"https:\/\/aortic-africa.org\/pt-pt\/sobre-nos-2\/visao-e-missao\/","og_site_name":"AORTIC AFRICA","article_publisher":"https:\/\/www.facebook.com\/Aortic.Africa\/","article_modified_time":"2026-01-26T11:16:21+00:00","twitter_card":"summary_large_image","twitter_site":"@aortic_africa","twitter_misc":{"Tempo estimado de leitura":"1 minuto"},"schema":{"@context":"https:\/\/schema.org","@graph":[{"@type":"WebPage","@id":"https:\/\/aortic-africa.org\/pt-pt\/sobre-nos-2\/visao-e-missao\/","url":"https:\/\/aortic-africa.org\/pt-pt\/sobre-nos-2\/visao-e-missao\/","name":"Vis\u00e3o e Miss\u00e3o - AORTIC AFRICA","isPartOf":{"@id":"https:\/\/aortic-africa.org\/#website"},"datePublished":"2025-10-10T08:40:05+00:00","dateModified":"2026-01-26T11:16:21+00:00","breadcrumb":{"@id":"https:\/\/aortic-africa.org\/pt-pt\/sobre-nos-2\/visao-e-missao\/#breadcrumb"},"inLanguage":"pt-PT","potentialAction":[{"@type":"ReadAction","target":["https:\/\/aortic-africa.org\/pt-pt\/sobre-nos-2\/visao-e-missao\/"]}]},{"@type":"BreadcrumbList","@id":"https:\/\/aortic-africa.org\/pt-pt\/sobre-nos-2\/visao-e-missao\/#breadcrumb","itemListElement":[{"@type":"ListItem","position":1,"name":"Home","item":"https:\/\/aortic-africa.org\/pt-pt\/"},{"@type":"ListItem","position":2,"name":"Sobre n\u00f3s","item":"https:\/\/aortic-africa.org\/pt-pt\/sobre-nos-2\/"},{"@type":"ListItem","position":3,"name":"Vis\u00e3o e Miss\u00e3o"}]},{"@type":"WebSite","@id":"https:\/\/aortic-africa.org\/#website","url":"https:\/\/aortic-africa.org\/","name":"AORTIC AFRICA","description":"African Organization for Research &amp; Training in Cancer","publisher":{"@id":"https:\/\/aortic-africa.org\/#organization"},"alternateName":"African Organization for Research & Training in Cancer","potentialAction":[{"@type":"SearchAction","target":{"@type":"EntryPoint","urlTemplate":"https:\/\/aortic-africa.org\/?s={search_term_string}"},"query-input":{"@type":"PropertyValueSpecification","valueRequired":true,"valueName":"search_term_string"}}],"inLanguage":"pt-PT"},{"@type":"Organization","@id":"https:\/\/aortic-africa.org\/#organization","name":"African Organisation for Research & Training in Cancer","url":"https:\/\/aortic-africa.org\/","logo":{"@type":"ImageObject","inLanguage":"pt-PT","@id":"https:\/\/aortic-africa.org\/#\/schema\/logo\/image\/","url":"https:\/\/aortic-africa.org\/wp-content\/uploads\/2025\/09\/AORTIC-logoaortic.svg","contentUrl":"https:\/\/aortic-africa.org\/wp-content\/uploads\/2025\/09\/AORTIC-logoaortic.svg","width":333,"height":172,"caption":"African Organisation for Research & Training in Cancer"},"image":{"@id":"https:\/\/aortic-africa.org\/#\/schema\/logo\/image\/"},"sameAs":["https:\/\/www.facebook.com\/Aortic.Africa\/","https:\/\/x.com\/aortic_africa","https:\/\/www.linkedin.com\/in\/aortic-africa-75313938\/","https:\/\/www.youtube.com\/channel\/UC__H8k770TNa8UW_c9X_EdA\/"]}]}},"_links":{"self":[{"href":"https:\/\/aortic-africa.org\/pt-pt\/wp-json\/wp\/v2\/pages\/20374","targetHints":{"allow":["GET"]}}],"collection":[{"href":"https:\/\/aortic-africa.org\/pt-pt\/wp-json\/wp\/v2\/pages"}],"about":[{"href":"https:\/\/aortic-africa.org\/pt-pt\/wp-json\/wp\/v2\/types\/page"}],"author":[{"embeddable":true,"href":"https:\/\/aortic-africa.org\/pt-pt\/wp-json\/wp\/v2\/users\/1"}],"replies":[{"embeddable":true,"href":"https:\/\/aortic-africa.org\/pt-pt\/wp-json\/wp\/v2\/comments?post=20374"}],"version-history":[{"count":1,"href":"https:\/\/aortic-africa.org\/pt-pt\/wp-json\/wp\/v2\/pages\/20374\/revisions"}],"predecessor-version":[{"id":20379,"href":"https:\/\/aortic-africa.org\/pt-pt\/wp-json\/wp\/v2\/pages\/20374\/revisions\/20379"}],"up":[{"embeddable":true,"href":"https:\/\/aortic-africa.org\/pt-pt\/wp-json\/wp\/v2\/pages\/20361"}],"wp:attachment":[{"href":"https:\/\/aortic-africa.org\/pt-pt\/wp-json\/wp\/v2\/media?parent=20374"}],"curies":[{"name":"wp","href":"https:\/\/api.w.org\/{rel}","templated":true}]}}