{"id":20403,"date":"2025-10-12T16:41:22","date_gmt":"2025-10-12T14:41:22","guid":{"rendered":"https:\/\/dev.aortic-africa.org\/sobre-nos-2\/governanca\/assembleia-geral\/"},"modified":"2026-01-26T13:16:36","modified_gmt":"2026-01-26T11:16:36","slug":"assembleia-geral","status":"publish","type":"page","link":"https:\/\/aortic-africa.org\/pt-pt\/sobre-nos-2\/governanca\/assembleia-geral\/","title":{"rendered":"Assembleia Geral"},"content":{"rendered":"\t\t<div data-elementor-type=\"wp-page\" data-elementor-id=\"20403\" class=\"elementor elementor-20403 elementor-13207\" data-elementor-post-type=\"page\">\n\t\t\t\t<div class=\"elementor-element elementor-element-72ea869 e-flex e-con-boxed e-con e-parent\" data-id=\"72ea869\" data-element_type=\"container\" data-e-type=\"container\" data-settings=\"{&quot;jet_parallax_layout_list&quot;:[]}\">\n\t\t\t\t\t<div class=\"e-con-inner\">\n\t\t\t\t<div class=\"elementor-element elementor-element-f09d64e elementor-widget elementor-widget-text-editor\" data-id=\"f09d64e\" data-element_type=\"widget\" data-e-type=\"widget\" data-widget_type=\"text-editor.default\">\n\t\t\t\t\t\t\t\t\t<p>A Assembleia Geral da AORTIC re\u00fane-se de dois em dois anos durante a Confer\u00eancia da AORTIC para eleger um novo Conselho Executivo, bem como o novo Presidente eleito. Durante a Assembleia Geral, as organiza\u00e7\u00f5es membros recebem geralmente uma vis\u00e3o geral do desempenho (com avalia\u00e7\u00e3o intercalar ou final de um ciclo de plano de trabalho de 4 anos), uma revis\u00e3o e destaques dos \u00faltimos dois anos desde a \u00faltima Assembleia e uma vis\u00e3o sobre os planos e ambi\u00e7\u00f5es futuros da AORTIC. Os eleg\u00edveis podem votar para aprovar as atas da Assembleia Geral anterior, bem como para aprovar as contas financeiras dos dois anos anteriores.  <\/p><p><strong>Relat\u00f3rio da \u00faltima Assembleia Geral [EM BREVE]<\/strong><\/p><p><strong>Participantes eleg\u00edveis<\/strong><\/p><p>De acordo com a Constitui\u00e7\u00e3o, a Assembleia Geral deve contar com a presen\u00e7a de:<\/p><ul><li>Organiza\u00e7\u00f5es membros da AORTIC<\/li><li>Outros observadores por convite especial do Presidente<\/li><li>Membros do Conselho Executivo da AORTIC<\/li><li>O Diretor-Geral da AORTIC<\/li><\/ul><div> <\/div><p><strong>Direitos de voto<\/strong><\/p><p>Apenas os membros t\u00eam o direito de orientar as prioridades e atividades da AORTIC atrav\u00e9s da vota\u00e7\u00e3o na Assembleia Geral.<\/p><p>Se tiver alguma quest\u00e3o, n\u00e3o hesite em contactar-nos atrav\u00e9s do endere\u00e7o info@aortic-africa.org<\/p>\t\t\t\t\t\t\t\t<\/div>\n\t\t\t\t\t<\/div>\n\t\t\t\t<\/div>\n\t\t\t\t<\/div>\n\t\t","protected":false},"excerpt":{"rendered":"<p>A Assembleia Geral da AORTIC re\u00fane-se de dois em dois anos durante a Confer\u00eancia da AORTIC para eleger um novo Conselho Executivo, bem como o novo Presidente eleito. Durante a [&hellip;]<\/p>\n","protected":false},"author":1,"featured_media":0,"parent":20313,"menu_order":0,"comment_status":"closed","ping_status":"closed","template":"","meta":{"_acf_changed":false,"pmpro_default_level":"","footnotes":""},"class_list":["post-20403","page","type-page","status-publish","hentry","pmpro-has-access"],"acf":[],"yoast_head":"<!-- This site is optimized with the Yoast SEO plugin v27.3 - https:\/\/yoast.com\/product\/yoast-seo-wordpress\/ -->\n<title>Assembleia Geral - AORTIC AFRICA<\/title>\n<meta name=\"robots\" content=\"index, follow, max-snippet:-1, max-image-preview:large, max-video-preview:-1\" \/>\n<link rel=\"canonical\" href=\"https:\/\/aortic-africa.org\/pt-pt\/sobre-nos-2\/governanca\/assembleia-geral\/\" \/>\n<meta property=\"og:locale\" content=\"pt_PT\" \/>\n<meta property=\"og:type\" content=\"article\" \/>\n<meta property=\"og:title\" content=\"Assembleia Geral - AORTIC AFRICA\" \/>\n<meta property=\"og:description\" content=\"A Assembleia Geral da AORTIC re\u00fane-se de dois em dois anos durante a Confer\u00eancia da AORTIC para eleger um novo Conselho Executivo, bem como o novo Presidente eleito. Durante a [&hellip;]\" \/>\n<meta property=\"og:url\" content=\"https:\/\/aortic-africa.org\/pt-pt\/sobre-nos-2\/governanca\/assembleia-geral\/\" \/>\n<meta property=\"og:site_name\" content=\"AORTIC AFRICA\" \/>\n<meta property=\"article:publisher\" content=\"https:\/\/www.facebook.com\/Aortic.Africa\/\" \/>\n<meta property=\"article:modified_time\" content=\"2026-01-26T11:16:36+00:00\" \/>\n<meta name=\"twitter:card\" content=\"summary_large_image\" \/>\n<meta name=\"twitter:site\" content=\"@aortic_africa\" \/>\n<meta name=\"twitter:label1\" content=\"Tempo estimado de leitura\" \/>\n\t<meta name=\"twitter:data1\" content=\"1 minuto\" \/>\n<script type=\"application\/ld+json\" class=\"yoast-schema-graph\">{\"@context\":\"https:\\\/\\\/schema.org\",\"@graph\":[{\"@type\":\"WebPage\",\"@id\":\"https:\\\/\\\/aortic-africa.org\\\/pt-pt\\\/sobre-nos-2\\\/governanca\\\/assembleia-geral\\\/\",\"url\":\"https:\\\/\\\/aortic-africa.org\\\/pt-pt\\\/sobre-nos-2\\\/governanca\\\/assembleia-geral\\\/\",\"name\":\"Assembleia Geral - AORTIC AFRICA\",\"isPartOf\":{\"@id\":\"https:\\\/\\\/aortic-africa.org\\\/#website\"},\"datePublished\":\"2025-10-12T14:41:22+00:00\",\"dateModified\":\"2026-01-26T11:16:36+00:00\",\"breadcrumb\":{\"@id\":\"https:\\\/\\\/aortic-africa.org\\\/pt-pt\\\/sobre-nos-2\\\/governanca\\\/assembleia-geral\\\/#breadcrumb\"},\"inLanguage\":\"pt-PT\",\"potentialAction\":[{\"@type\":\"ReadAction\",\"target\":[\"https:\\\/\\\/aortic-africa.org\\\/pt-pt\\\/sobre-nos-2\\\/governanca\\\/assembleia-geral\\\/\"]}]},{\"@type\":\"BreadcrumbList\",\"@id\":\"https:\\\/\\\/aortic-africa.org\\\/pt-pt\\\/sobre-nos-2\\\/governanca\\\/assembleia-geral\\\/#breadcrumb\",\"itemListElement\":[{\"@type\":\"ListItem\",\"position\":1,\"name\":\"Home\",\"item\":\"https:\\\/\\\/aortic-africa.org\\\/pt-pt\\\/\"},{\"@type\":\"ListItem\",\"position\":2,\"name\":\"Sobre n\u00f3s\",\"item\":\"https:\\\/\\\/aortic-africa.org\\\/pt-pt\\\/sobre-nos-2\\\/\"},{\"@type\":\"ListItem\",\"position\":3,\"name\":\"Governan\u00e7a\",\"item\":\"https:\\\/\\\/aortic-africa.org\\\/pt-pt\\\/sobre-nos-2\\\/governanca\\\/\"},{\"@type\":\"ListItem\",\"position\":4,\"name\":\"Assembleia Geral\"}]},{\"@type\":\"WebSite\",\"@id\":\"https:\\\/\\\/aortic-africa.org\\\/#website\",\"url\":\"https:\\\/\\\/aortic-africa.org\\\/\",\"name\":\"AORTIC AFRICA\",\"description\":\"African Organization for Research &amp; Training in Cancer\",\"publisher\":{\"@id\":\"https:\\\/\\\/aortic-africa.org\\\/#organization\"},\"alternateName\":\"African Organization for Research & Training in Cancer\",\"potentialAction\":[{\"@type\":\"SearchAction\",\"target\":{\"@type\":\"EntryPoint\",\"urlTemplate\":\"https:\\\/\\\/aortic-africa.org\\\/?s={search_term_string}\"},\"query-input\":{\"@type\":\"PropertyValueSpecification\",\"valueRequired\":true,\"valueName\":\"search_term_string\"}}],\"inLanguage\":\"pt-PT\"},{\"@type\":\"Organization\",\"@id\":\"https:\\\/\\\/aortic-africa.org\\\/#organization\",\"name\":\"African Organisation for Research & Training in Cancer\",\"url\":\"https:\\\/\\\/aortic-africa.org\\\/\",\"logo\":{\"@type\":\"ImageObject\",\"inLanguage\":\"pt-PT\",\"@id\":\"https:\\\/\\\/aortic-africa.org\\\/#\\\/schema\\\/logo\\\/image\\\/\",\"url\":\"https:\\\/\\\/aortic-africa.org\\\/wp-content\\\/uploads\\\/2025\\\/09\\\/AORTIC-logoaortic.svg\",\"contentUrl\":\"https:\\\/\\\/aortic-africa.org\\\/wp-content\\\/uploads\\\/2025\\\/09\\\/AORTIC-logoaortic.svg\",\"width\":333,\"height\":172,\"caption\":\"African Organisation for Research & Training in Cancer\"},\"image\":{\"@id\":\"https:\\\/\\\/aortic-africa.org\\\/#\\\/schema\\\/logo\\\/image\\\/\"},\"sameAs\":[\"https:\\\/\\\/www.facebook.com\\\/Aortic.Africa\\\/\",\"https:\\\/\\\/x.com\\\/aortic_africa\",\"https:\\\/\\\/www.linkedin.com\\\/in\\\/aortic-africa-75313938\\\/\",\"https:\\\/\\\/www.youtube.com\\\/channel\\\/UC__H8k770TNa8UW_c9X_EdA\\\/\"]}]}<\/script>\n<!-- \/ Yoast SEO plugin. -->","yoast_head_json":{"title":"Assembleia Geral - AORTIC AFRICA","robots":{"index":"index","follow":"follow","max-snippet":"max-snippet:-1","max-image-preview":"max-image-preview:large","max-video-preview":"max-video-preview:-1"},"canonical":"https:\/\/aortic-africa.org\/pt-pt\/sobre-nos-2\/governanca\/assembleia-geral\/","og_locale":"pt_PT","og_type":"article","og_title":"Assembleia Geral - AORTIC AFRICA","og_description":"A Assembleia Geral da AORTIC re\u00fane-se de dois em dois anos durante a Confer\u00eancia da AORTIC para eleger um novo Conselho Executivo, bem como o novo Presidente eleito. Durante a [&hellip;]","og_url":"https:\/\/aortic-africa.org\/pt-pt\/sobre-nos-2\/governanca\/assembleia-geral\/","og_site_name":"AORTIC AFRICA","article_publisher":"https:\/\/www.facebook.com\/Aortic.Africa\/","article_modified_time":"2026-01-26T11:16:36+00:00","twitter_card":"summary_large_image","twitter_site":"@aortic_africa","twitter_misc":{"Tempo estimado de leitura":"1 minuto"},"schema":{"@context":"https:\/\/schema.org","@graph":[{"@type":"WebPage","@id":"https:\/\/aortic-africa.org\/pt-pt\/sobre-nos-2\/governanca\/assembleia-geral\/","url":"https:\/\/aortic-africa.org\/pt-pt\/sobre-nos-2\/governanca\/assembleia-geral\/","name":"Assembleia Geral - AORTIC AFRICA","isPartOf":{"@id":"https:\/\/aortic-africa.org\/#website"},"datePublished":"2025-10-12T14:41:22+00:00","dateModified":"2026-01-26T11:16:36+00:00","breadcrumb":{"@id":"https:\/\/aortic-africa.org\/pt-pt\/sobre-nos-2\/governanca\/assembleia-geral\/#breadcrumb"},"inLanguage":"pt-PT","potentialAction":[{"@type":"ReadAction","target":["https:\/\/aortic-africa.org\/pt-pt\/sobre-nos-2\/governanca\/assembleia-geral\/"]}]},{"@type":"BreadcrumbList","@id":"https:\/\/aortic-africa.org\/pt-pt\/sobre-nos-2\/governanca\/assembleia-geral\/#breadcrumb","itemListElement":[{"@type":"ListItem","position":1,"name":"Home","item":"https:\/\/aortic-africa.org\/pt-pt\/"},{"@type":"ListItem","position":2,"name":"Sobre n\u00f3s","item":"https:\/\/aortic-africa.org\/pt-pt\/sobre-nos-2\/"},{"@type":"ListItem","position":3,"name":"Governan\u00e7a","item":"https:\/\/aortic-africa.org\/pt-pt\/sobre-nos-2\/governanca\/"},{"@type":"ListItem","position":4,"name":"Assembleia Geral"}]},{"@type":"WebSite","@id":"https:\/\/aortic-africa.org\/#website","url":"https:\/\/aortic-africa.org\/","name":"AORTIC AFRICA","description":"African Organization for Research &amp; Training in Cancer","publisher":{"@id":"https:\/\/aortic-africa.org\/#organization"},"alternateName":"African Organization for Research & Training in Cancer","potentialAction":[{"@type":"SearchAction","target":{"@type":"EntryPoint","urlTemplate":"https:\/\/aortic-africa.org\/?s={search_term_string}"},"query-input":{"@type":"PropertyValueSpecification","valueRequired":true,"valueName":"search_term_string"}}],"inLanguage":"pt-PT"},{"@type":"Organization","@id":"https:\/\/aortic-africa.org\/#organization","name":"African Organisation for Research & Training in Cancer","url":"https:\/\/aortic-africa.org\/","logo":{"@type":"ImageObject","inLanguage":"pt-PT","@id":"https:\/\/aortic-africa.org\/#\/schema\/logo\/image\/","url":"https:\/\/aortic-africa.org\/wp-content\/uploads\/2025\/09\/AORTIC-logoaortic.svg","contentUrl":"https:\/\/aortic-africa.org\/wp-content\/uploads\/2025\/09\/AORTIC-logoaortic.svg","width":333,"height":172,"caption":"African Organisation for Research & Training in Cancer"},"image":{"@id":"https:\/\/aortic-africa.org\/#\/schema\/logo\/image\/"},"sameAs":["https:\/\/www.facebook.com\/Aortic.Africa\/","https:\/\/x.com\/aortic_africa","https:\/\/www.linkedin.com\/in\/aortic-africa-75313938\/","https:\/\/www.youtube.com\/channel\/UC__H8k770TNa8UW_c9X_EdA\/"]}]}},"_links":{"self":[{"href":"https:\/\/aortic-africa.org\/pt-pt\/wp-json\/wp\/v2\/pages\/20403","targetHints":{"allow":["GET"]}}],"collection":[{"href":"https:\/\/aortic-africa.org\/pt-pt\/wp-json\/wp\/v2\/pages"}],"about":[{"href":"https:\/\/aortic-africa.org\/pt-pt\/wp-json\/wp\/v2\/types\/page"}],"author":[{"embeddable":true,"href":"https:\/\/aortic-africa.org\/pt-pt\/wp-json\/wp\/v2\/users\/1"}],"replies":[{"embeddable":true,"href":"https:\/\/aortic-africa.org\/pt-pt\/wp-json\/wp\/v2\/comments?post=20403"}],"version-history":[{"count":1,"href":"https:\/\/aortic-africa.org\/pt-pt\/wp-json\/wp\/v2\/pages\/20403\/revisions"}],"predecessor-version":[{"id":20405,"href":"https:\/\/aortic-africa.org\/pt-pt\/wp-json\/wp\/v2\/pages\/20403\/revisions\/20405"}],"up":[{"embeddable":true,"href":"https:\/\/aortic-africa.org\/pt-pt\/wp-json\/wp\/v2\/pages\/20313"}],"wp:attachment":[{"href":"https:\/\/aortic-africa.org\/pt-pt\/wp-json\/wp\/v2\/media?parent=20403"}],"curies":[{"name":"wp","href":"https:\/\/api.w.org\/{rel}","templated":true}]}}