{"id":20423,"date":"2025-09-25T11:10:57","date_gmt":"2025-09-25T09:10:57","guid":{"rendered":"https:\/\/dev.aortic-africa.org\/junte-se\/"},"modified":"2026-01-26T13:17:12","modified_gmt":"2026-01-26T11:17:12","slug":"junte-se","status":"publish","type":"page","link":"https:\/\/aortic-africa.org\/pt-pt\/junte-se\/","title":{"rendered":"Junte-se"},"content":{"rendered":"\t\t<div data-elementor-type=\"wp-page\" data-elementor-id=\"20423\" class=\"elementor elementor-20423 elementor-39\" data-elementor-post-type=\"page\">\n\t\t\t\t<div class=\"elementor-element elementor-element-fad993b e-grid e-con-boxed e-con e-parent\" data-id=\"fad993b\" data-element_type=\"container\" data-e-type=\"container\" data-settings=\"{&quot;jet_parallax_layout_list&quot;:[]}\">\n\t\t\t\t\t<div class=\"e-con-inner\">\n\t\t<div data-dce-background-overlay-image-url=\"https:\/\/aortic-africa.org\/wp-content\/uploads\/2025\/09\/Mask-Group-2.png\" class=\"elementor-element elementor-element-ed03fcc e-con-full e-flex elementor-invisible e-con e-child\" data-id=\"ed03fcc\" data-element_type=\"container\" data-e-type=\"container\" data-settings=\"{&quot;background_background&quot;:&quot;classic&quot;,&quot;animation&quot;:&quot;fadeInDown&quot;,&quot;jet_parallax_layout_list&quot;:[]}\">\n\t\t\t\t<div class=\"elementor-element elementor-element-a0b2872 elementor-widget elementor-widget-heading\" data-id=\"a0b2872\" data-element_type=\"widget\" data-e-type=\"widget\" data-widget_type=\"heading.default\">\n\t\t\t\t\t<h2 class=\"elementor-heading-title elementor-size-default\"><a href=\"https:\/\/aortic-africa.org\/pt-pt\/finalizar-compra-da-adesao\/?level=12\">Physicians \/ Medical Doctors \/ Doctorates PhD<\/a><\/h2>\t\t\t\t<\/div>\n\t\t<div class=\"elementor-element elementor-element-97246da e-con-full e-flex e-con e-child\" data-id=\"97246da\" data-element_type=\"container\" data-e-type=\"container\" data-settings=\"{&quot;jet_parallax_layout_list&quot;:[]}\">\n\t\t\t\t<div class=\"elementor-element elementor-element-6d3a65e elementor-widget elementor-widget-heading\" data-id=\"6d3a65e\" data-element_type=\"widget\" data-e-type=\"widget\" data-widget_type=\"heading.default\">\n\t\t\t\t\t<p class=\"elementor-heading-title elementor-size-default\">Pre\u00e7o:<\/p>\t\t\t\t<\/div>\n\t\t\t\t<div class=\"elementor-element elementor-element-bed8fac elementor-widget elementor-widget-heading\" data-id=\"bed8fac\" data-element_type=\"widget\" data-e-type=\"widget\" data-widget_type=\"heading.default\">\n\t\t\t\t\t<p class=\"elementor-heading-title elementor-size-default\">&#036;60.00<\/p>\t\t\t\t<\/div>\n\t\t\t\t<\/div>\n\t\t\t\t<div class=\"elementor-element elementor-element-e0ee750 elementor-mobile-align-justify elementor-widget elementor-widget-button\" data-id=\"e0ee750\" data-element_type=\"widget\" data-e-type=\"widget\" data-widget_type=\"button.default\">\n\t\t\t\t\t\t\t\t\t\t<a class=\"elementor-button elementor-button-link elementor-size-sm\" href=\"https:\/\/aortic-africa.org\/pt-pt\/finalizar-compra-da-adesao\/?level=12\">\n\t\t\t\t\t\t<span class=\"elementor-button-content-wrapper\">\n\t\t\t\t\t\t\t\t\t<span class=\"elementor-button-text\">Registar<\/span>\n\t\t\t\t\t<\/span>\n\t\t\t\t\t<\/a>\n\t\t\t\t\t\t\t\t<\/div>\n\t\t\t\t<\/div>\n\t\t<div data-dce-background-overlay-image-url=\"https:\/\/aortic-africa.org\/wp-content\/uploads\/2025\/09\/Mask-Group-2.png\" class=\"elementor-element elementor-element-5366f4a e-con-full e-flex elementor-invisible e-con e-child\" data-id=\"5366f4a\" data-element_type=\"container\" data-e-type=\"container\" data-settings=\"{&quot;background_background&quot;:&quot;classic&quot;,&quot;animation&quot;:&quot;fadeInDown&quot;,&quot;jet_parallax_layout_list&quot;:[]}\">\n\t\t\t\t<div class=\"elementor-element elementor-element-f60b949 elementor-widget elementor-widget-heading\" data-id=\"f60b949\" data-element_type=\"widget\" data-e-type=\"widget\" data-widget_type=\"heading.default\">\n\t\t\t\t\t<h2 class=\"elementor-heading-title elementor-size-default\"><a href=\"https:\/\/aortic-africa.org\/pt-pt\/finalizar-compra-da-adesao\/?level=13\">Students \/ Nurses \/ Palliative \/ Health Care Workers \/ Advocates<\/a><\/h2>\t\t\t\t<\/div>\n\t\t<div class=\"elementor-element elementor-element-ca9d769 e-con-full e-flex e-con e-child\" data-id=\"ca9d769\" data-element_type=\"container\" data-e-type=\"container\" data-settings=\"{&quot;jet_parallax_layout_list&quot;:[]}\">\n\t\t\t\t<div class=\"elementor-element elementor-element-f7cf374 elementor-widget elementor-widget-heading\" data-id=\"f7cf374\" data-element_type=\"widget\" data-e-type=\"widget\" data-widget_type=\"heading.default\">\n\t\t\t\t\t<p class=\"elementor-heading-title elementor-size-default\">Pre\u00e7o:<\/p>\t\t\t\t<\/div>\n\t\t\t\t<div class=\"elementor-element elementor-element-a4fbbf3 elementor-widget elementor-widget-heading\" data-id=\"a4fbbf3\" data-element_type=\"widget\" data-e-type=\"widget\" data-widget_type=\"heading.default\">\n\t\t\t\t\t<p class=\"elementor-heading-title elementor-size-default\">&#036;30.00<\/p>\t\t\t\t<\/div>\n\t\t\t\t<\/div>\n\t\t\t\t<div class=\"elementor-element elementor-element-e2fdee9 elementor-mobile-align-justify elementor-widget elementor-widget-button\" data-id=\"e2fdee9\" data-element_type=\"widget\" data-e-type=\"widget\" data-widget_type=\"button.default\">\n\t\t\t\t\t\t\t\t\t\t<a class=\"elementor-button elementor-button-link elementor-size-sm\" href=\"https:\/\/aortic-africa.org\/pt-pt\/finalizar-compra-da-adesao\/?level=13\">\n\t\t\t\t\t\t<span class=\"elementor-button-content-wrapper\">\n\t\t\t\t\t\t\t\t\t<span class=\"elementor-button-text\">Registar<\/span>\n\t\t\t\t\t<\/span>\n\t\t\t\t\t<\/a>\n\t\t\t\t\t\t\t\t<\/div>\n\t\t\t\t<\/div>\n\t\t<div data-dce-background-overlay-image-url=\"https:\/\/aortic-africa.org\/wp-content\/uploads\/2025\/09\/Mask-Group-2.png\" class=\"elementor-element elementor-element-470a31c e-con-full e-flex elementor-invisible e-con e-child\" data-id=\"470a31c\" data-element_type=\"container\" data-e-type=\"container\" data-settings=\"{&quot;background_background&quot;:&quot;classic&quot;,&quot;animation&quot;:&quot;fadeInUp&quot;,&quot;jet_parallax_layout_list&quot;:[]}\">\n\t\t\t\t<div class=\"elementor-element elementor-element-5704c56 elementor-widget elementor-widget-heading\" data-id=\"5704c56\" data-element_type=\"widget\" data-e-type=\"widget\" data-widget_type=\"heading.default\">\n\t\t\t\t\t<h2 class=\"elementor-heading-title elementor-size-default\"><a href=\"https:\/\/aortic-africa.org\/pt-pt\/finalizar-compra-da-adesao\/?level=14\">Residents in Training<\/a><\/h2>\t\t\t\t<\/div>\n\t\t<div class=\"elementor-element elementor-element-1f12721 e-con-full e-flex e-con e-child\" data-id=\"1f12721\" data-element_type=\"container\" data-e-type=\"container\" data-settings=\"{&quot;jet_parallax_layout_list&quot;:[]}\">\n\t\t\t\t<div class=\"elementor-element elementor-element-1a3590a elementor-widget elementor-widget-heading\" data-id=\"1a3590a\" data-element_type=\"widget\" data-e-type=\"widget\" data-widget_type=\"heading.default\">\n\t\t\t\t\t<p class=\"elementor-heading-title elementor-size-default\">Pre\u00e7o:<\/p>\t\t\t\t<\/div>\n\t\t\t\t<div class=\"elementor-element elementor-element-423b148 elementor-widget elementor-widget-heading\" data-id=\"423b148\" data-element_type=\"widget\" data-e-type=\"widget\" data-widget_type=\"heading.default\">\n\t\t\t\t\t<p class=\"elementor-heading-title elementor-size-default\">&#036;30.00<\/p>\t\t\t\t<\/div>\n\t\t\t\t<\/div>\n\t\t\t\t<div class=\"elementor-element elementor-element-005672b elementor-mobile-align-justify elementor-widget elementor-widget-button\" data-id=\"005672b\" data-element_type=\"widget\" data-e-type=\"widget\" data-widget_type=\"button.default\">\n\t\t\t\t\t\t\t\t\t\t<a class=\"elementor-button elementor-button-link elementor-size-sm\" href=\"https:\/\/aortic-africa.org\/pt-pt\/finalizar-compra-da-adesao\/?level=14\">\n\t\t\t\t\t\t<span class=\"elementor-button-content-wrapper\">\n\t\t\t\t\t\t\t\t\t<span class=\"elementor-button-text\">Registar<\/span>\n\t\t\t\t\t<\/span>\n\t\t\t\t\t<\/a>\n\t\t\t\t\t\t\t\t<\/div>\n\t\t\t\t<\/div>\n\t\t<div data-dce-background-overlay-image-url=\"https:\/\/aortic-africa.org\/wp-content\/uploads\/2025\/09\/Mask-Group-2.png\" class=\"elementor-element elementor-element-b5b74d1 e-con-full e-flex elementor-invisible e-con e-child\" data-id=\"b5b74d1\" data-element_type=\"container\" data-e-type=\"container\" data-settings=\"{&quot;background_background&quot;:&quot;classic&quot;,&quot;animation&quot;:&quot;fadeInUp&quot;,&quot;jet_parallax_layout_list&quot;:[]}\">\n\t\t\t\t<div class=\"elementor-element elementor-element-c40bc1d elementor-widget elementor-widget-heading\" data-id=\"c40bc1d\" data-element_type=\"widget\" data-e-type=\"widget\" data-widget_type=\"heading.default\">\n\t\t\t\t\t<h2 class=\"elementor-heading-title elementor-size-default\"><a href=\"https:\/\/aortic-africa.org\/pt-pt\/finalizar-compra-da-adesao\/?level=11\">Organizations \/ Major contributors to AORTIC Programs<\/a><\/h2>\t\t\t\t<\/div>\n\t\t<div class=\"elementor-element elementor-element-6165342 e-con-full e-flex e-con e-child\" data-id=\"6165342\" data-element_type=\"container\" data-e-type=\"container\" data-settings=\"{&quot;jet_parallax_layout_list&quot;:[]}\">\n\t\t\t\t<div class=\"elementor-element elementor-element-4253e5c elementor-widget elementor-widget-heading\" data-id=\"4253e5c\" data-element_type=\"widget\" data-e-type=\"widget\" data-widget_type=\"heading.default\">\n\t\t\t\t\t<p class=\"elementor-heading-title elementor-size-default\">Pre\u00e7o:<\/p>\t\t\t\t<\/div>\n\t\t\t\t<div class=\"elementor-element elementor-element-8577a74 elementor-widget elementor-widget-heading\" data-id=\"8577a74\" data-element_type=\"widget\" data-e-type=\"widget\" data-widget_type=\"heading.default\">\n\t\t\t\t\t<p class=\"elementor-heading-title elementor-size-default\">&#036;400.00<\/p>\t\t\t\t<\/div>\n\t\t\t\t<\/div>\n\t\t\t\t<div class=\"elementor-element elementor-element-c2b4bc0 elementor-mobile-align-justify elementor-widget elementor-widget-button\" data-id=\"c2b4bc0\" data-element_type=\"widget\" data-e-type=\"widget\" data-widget_type=\"button.default\">\n\t\t\t\t\t\t\t\t\t\t<a class=\"elementor-button elementor-button-link elementor-size-sm\" href=\"https:\/\/aortic-africa.org\/pt-pt\/finalizar-compra-da-adesao\/?level=11\">\n\t\t\t\t\t\t<span class=\"elementor-button-content-wrapper\">\n\t\t\t\t\t\t\t\t\t<span class=\"elementor-button-text\">Registar<\/span>\n\t\t\t\t\t<\/span>\n\t\t\t\t\t<\/a>\n\t\t\t\t\t\t\t\t<\/div>\n\t\t\t\t<\/div>\n\t\t\t\t\t<\/div>\n\t\t\t\t<\/div>\n\t\t\t\t<\/div>\n\t\t","protected":false},"excerpt":{"rendered":"<p>Pre\u00e7o: Registar Pre\u00e7o: Registar Pre\u00e7o: Registar Pre\u00e7o: Registar<\/p>\n","protected":false},"author":1,"featured_media":0,"parent":0,"menu_order":0,"comment_status":"closed","ping_status":"closed","template":"","meta":{"_acf_changed":false,"pmpro_default_level":"","footnotes":""},"class_list":["post-20423","page","type-page","status-publish","hentry","pmpro-has-access"],"acf":[],"yoast_head":"<!-- This site is optimized with the Yoast SEO plugin v27.3 - https:\/\/yoast.com\/product\/yoast-seo-wordpress\/ -->\n<title>Junte-se - AORTIC AFRICA<\/title>\n<meta name=\"robots\" content=\"index, follow, max-snippet:-1, max-image-preview:large, max-video-preview:-1\" \/>\n<link rel=\"canonical\" href=\"https:\/\/aortic-africa.org\/join\/\" \/>\n<meta property=\"og:locale\" content=\"pt_PT\" \/>\n<meta property=\"og:type\" content=\"article\" \/>\n<meta property=\"og:title\" content=\"Junte-se - AORTIC AFRICA\" \/>\n<meta property=\"og:description\" content=\"Pre\u00e7o: Registar Pre\u00e7o: Registar Pre\u00e7o: Registar Pre\u00e7o: Registar\" \/>\n<meta property=\"og:url\" content=\"https:\/\/aortic-africa.org\/join\/\" \/>\n<meta property=\"og:site_name\" content=\"AORTIC AFRICA\" \/>\n<meta property=\"article:publisher\" content=\"https:\/\/www.facebook.com\/Aortic.Africa\/\" \/>\n<meta property=\"article:modified_time\" content=\"2026-01-26T11:17:12+00:00\" \/>\n<meta name=\"twitter:card\" content=\"summary_large_image\" \/>\n<meta name=\"twitter:site\" content=\"@aortic_africa\" \/>\n<script type=\"application\/ld+json\" class=\"yoast-schema-graph\">{\"@context\":\"https:\\\/\\\/schema.org\",\"@graph\":[{\"@type\":\"WebPage\",\"@id\":\"https:\\\/\\\/aortic-africa.org\\\/join\\\/\",\"url\":\"https:\\\/\\\/aortic-africa.org\\\/join\\\/\",\"name\":\"Junte-se - AORTIC AFRICA\",\"isPartOf\":{\"@id\":\"https:\\\/\\\/aortic-africa.org\\\/#website\"},\"datePublished\":\"2025-09-25T09:10:57+00:00\",\"dateModified\":\"2026-01-26T11:17:12+00:00\",\"breadcrumb\":{\"@id\":\"https:\\\/\\\/aortic-africa.org\\\/join\\\/#breadcrumb\"},\"inLanguage\":\"pt-PT\",\"potentialAction\":[{\"@type\":\"ReadAction\",\"target\":[\"https:\\\/\\\/aortic-africa.org\\\/join\\\/\"]}]},{\"@type\":\"BreadcrumbList\",\"@id\":\"https:\\\/\\\/aortic-africa.org\\\/join\\\/#breadcrumb\",\"itemListElement\":[{\"@type\":\"ListItem\",\"position\":1,\"name\":\"Home\",\"item\":\"https:\\\/\\\/aortic-africa.org\\\/pt-pt\\\/\"},{\"@type\":\"ListItem\",\"position\":2,\"name\":\"Junte-se\"}]},{\"@type\":\"WebSite\",\"@id\":\"https:\\\/\\\/aortic-africa.org\\\/#website\",\"url\":\"https:\\\/\\\/aortic-africa.org\\\/\",\"name\":\"AORTIC AFRICA\",\"description\":\"African Organization for Research &amp; Training in Cancer\",\"publisher\":{\"@id\":\"https:\\\/\\\/aortic-africa.org\\\/#organization\"},\"alternateName\":\"African Organization for Research & Training in Cancer\",\"potentialAction\":[{\"@type\":\"SearchAction\",\"target\":{\"@type\":\"EntryPoint\",\"urlTemplate\":\"https:\\\/\\\/aortic-africa.org\\\/?s={search_term_string}\"},\"query-input\":{\"@type\":\"PropertyValueSpecification\",\"valueRequired\":true,\"valueName\":\"search_term_string\"}}],\"inLanguage\":\"pt-PT\"},{\"@type\":\"Organization\",\"@id\":\"https:\\\/\\\/aortic-africa.org\\\/#organization\",\"name\":\"African Organisation for Research & Training in Cancer\",\"url\":\"https:\\\/\\\/aortic-africa.org\\\/\",\"logo\":{\"@type\":\"ImageObject\",\"inLanguage\":\"pt-PT\",\"@id\":\"https:\\\/\\\/aortic-africa.org\\\/#\\\/schema\\\/logo\\\/image\\\/\",\"url\":\"https:\\\/\\\/aortic-africa.org\\\/wp-content\\\/uploads\\\/2025\\\/09\\\/AORTIC-logoaortic.svg\",\"contentUrl\":\"https:\\\/\\\/aortic-africa.org\\\/wp-content\\\/uploads\\\/2025\\\/09\\\/AORTIC-logoaortic.svg\",\"width\":333,\"height\":172,\"caption\":\"African Organisation for Research & Training in Cancer\"},\"image\":{\"@id\":\"https:\\\/\\\/aortic-africa.org\\\/#\\\/schema\\\/logo\\\/image\\\/\"},\"sameAs\":[\"https:\\\/\\\/www.facebook.com\\\/Aortic.Africa\\\/\",\"https:\\\/\\\/x.com\\\/aortic_africa\",\"https:\\\/\\\/www.linkedin.com\\\/in\\\/aortic-africa-75313938\\\/\",\"https:\\\/\\\/www.youtube.com\\\/channel\\\/UC__H8k770TNa8UW_c9X_EdA\\\/\"]}]}<\/script>\n<!-- \/ Yoast SEO plugin. -->","yoast_head_json":{"title":"Junte-se - AORTIC AFRICA","robots":{"index":"index","follow":"follow","max-snippet":"max-snippet:-1","max-image-preview":"max-image-preview:large","max-video-preview":"max-video-preview:-1"},"canonical":"https:\/\/aortic-africa.org\/join\/","og_locale":"pt_PT","og_type":"article","og_title":"Junte-se - AORTIC AFRICA","og_description":"Pre\u00e7o: Registar Pre\u00e7o: Registar Pre\u00e7o: Registar Pre\u00e7o: Registar","og_url":"https:\/\/aortic-africa.org\/join\/","og_site_name":"AORTIC AFRICA","article_publisher":"https:\/\/www.facebook.com\/Aortic.Africa\/","article_modified_time":"2026-01-26T11:17:12+00:00","twitter_card":"summary_large_image","twitter_site":"@aortic_africa","schema":{"@context":"https:\/\/schema.org","@graph":[{"@type":"WebPage","@id":"https:\/\/aortic-africa.org\/join\/","url":"https:\/\/aortic-africa.org\/join\/","name":"Junte-se - AORTIC AFRICA","isPartOf":{"@id":"https:\/\/aortic-africa.org\/#website"},"datePublished":"2025-09-25T09:10:57+00:00","dateModified":"2026-01-26T11:17:12+00:00","breadcrumb":{"@id":"https:\/\/aortic-africa.org\/join\/#breadcrumb"},"inLanguage":"pt-PT","potentialAction":[{"@type":"ReadAction","target":["https:\/\/aortic-africa.org\/join\/"]}]},{"@type":"BreadcrumbList","@id":"https:\/\/aortic-africa.org\/join\/#breadcrumb","itemListElement":[{"@type":"ListItem","position":1,"name":"Home","item":"https:\/\/aortic-africa.org\/pt-pt\/"},{"@type":"ListItem","position":2,"name":"Junte-se"}]},{"@type":"WebSite","@id":"https:\/\/aortic-africa.org\/#website","url":"https:\/\/aortic-africa.org\/","name":"AORTIC AFRICA","description":"African Organization for Research &amp; Training in Cancer","publisher":{"@id":"https:\/\/aortic-africa.org\/#organization"},"alternateName":"African Organization for Research & Training in Cancer","potentialAction":[{"@type":"SearchAction","target":{"@type":"EntryPoint","urlTemplate":"https:\/\/aortic-africa.org\/?s={search_term_string}"},"query-input":{"@type":"PropertyValueSpecification","valueRequired":true,"valueName":"search_term_string"}}],"inLanguage":"pt-PT"},{"@type":"Organization","@id":"https:\/\/aortic-africa.org\/#organization","name":"African Organisation for Research & Training in Cancer","url":"https:\/\/aortic-africa.org\/","logo":{"@type":"ImageObject","inLanguage":"pt-PT","@id":"https:\/\/aortic-africa.org\/#\/schema\/logo\/image\/","url":"https:\/\/aortic-africa.org\/wp-content\/uploads\/2025\/09\/AORTIC-logoaortic.svg","contentUrl":"https:\/\/aortic-africa.org\/wp-content\/uploads\/2025\/09\/AORTIC-logoaortic.svg","width":333,"height":172,"caption":"African Organisation for Research & Training in Cancer"},"image":{"@id":"https:\/\/aortic-africa.org\/#\/schema\/logo\/image\/"},"sameAs":["https:\/\/www.facebook.com\/Aortic.Africa\/","https:\/\/x.com\/aortic_africa","https:\/\/www.linkedin.com\/in\/aortic-africa-75313938\/","https:\/\/www.youtube.com\/channel\/UC__H8k770TNa8UW_c9X_EdA\/"]}]}},"_links":{"self":[{"href":"https:\/\/aortic-africa.org\/pt-pt\/wp-json\/wp\/v2\/pages\/20423","targetHints":{"allow":["GET"]}}],"collection":[{"href":"https:\/\/aortic-africa.org\/pt-pt\/wp-json\/wp\/v2\/pages"}],"about":[{"href":"https:\/\/aortic-africa.org\/pt-pt\/wp-json\/wp\/v2\/types\/page"}],"author":[{"embeddable":true,"href":"https:\/\/aortic-africa.org\/pt-pt\/wp-json\/wp\/v2\/users\/1"}],"replies":[{"embeddable":true,"href":"https:\/\/aortic-africa.org\/pt-pt\/wp-json\/wp\/v2\/comments?post=20423"}],"version-history":[{"count":1,"href":"https:\/\/aortic-africa.org\/pt-pt\/wp-json\/wp\/v2\/pages\/20423\/revisions"}],"predecessor-version":[{"id":20424,"href":"https:\/\/aortic-africa.org\/pt-pt\/wp-json\/wp\/v2\/pages\/20423\/revisions\/20424"}],"wp:attachment":[{"href":"https:\/\/aortic-africa.org\/pt-pt\/wp-json\/wp\/v2\/media?parent=20423"}],"curies":[{"name":"wp","href":"https:\/\/api.w.org\/{rel}","templated":true}]}}