{"id":20492,"date":"2025-09-24T07:54:06","date_gmt":"2025-09-24T05:54:06","guid":{"rendered":"https:\/\/dev.aortic-africa.org\/iniciar-sessao\/"},"modified":"2026-01-26T13:19:28","modified_gmt":"2026-01-26T11:19:28","slug":"iniciar-sessao","status":"publish","type":"page","link":"https:\/\/aortic-africa.org\/pt-pt\/iniciar-sessao\/","title":{"rendered":"Iniciar sess\u00e3o"},"content":{"rendered":"\t\t<div data-elementor-type=\"wp-page\" data-elementor-id=\"20492\" class=\"elementor elementor-20492 elementor-20\" data-elementor-post-type=\"page\">\n\t\t\t\t<div class=\"elementor-element elementor-element-655895b3 e-flex e-con-boxed e-con e-parent\" data-id=\"655895b3\" data-element_type=\"container\" data-e-type=\"container\" data-settings=\"{&quot;jet_parallax_layout_list&quot;:[]}\">\n\t\t\t\t\t<div class=\"e-con-inner\">\n\t\t<div class=\"elementor-element elementor-element-ba59600 e-con-full e-flex e-con e-child\" data-id=\"ba59600\" data-element_type=\"container\" data-e-type=\"container\" data-settings=\"{&quot;jet_parallax_layout_list&quot;:[]}\">\n\t\t\t\t<div class=\"elementor-element elementor-element-55adf068 elementor-widget elementor-widget-shortcode\" data-id=\"55adf068\" data-element_type=\"widget\" data-e-type=\"widget\" data-widget_type=\"shortcode.default\">\n\t\t\t\t\t\t\t<div class=\"elementor-shortcode\">\n\t<div class=\"pmpro\">\n\t\t<section id=\"pmpro_login\" class=\"pmpro_section\">\n\t\t\t\t\t\t\t\t\t\t<div class=\"pmpro_card pmpro_login_wrap\">\n\t\t\t\t\t\t\t\t<h2 class=\"pmpro_card_title pmpro_font-large\">Log In<\/h2>\t\t\t\t\t\t\t\t<div class=\"pmpro_card_content\">\n\t\t\t\t\t\t\t\t\t<form name=\"loginform\" id=\"loginform\" action=\"https:\/\/aortic-africa.org\/wp-login.php\" method=\"post\"><input type=\"hidden\" name=\"pmpro_login_form_used\" value=\"1\" \/><p class=\"login-username\">\n\t\t\t\t<label for=\"user_login\">Email Address<\/label>\n\t\t\t\t<input type=\"text\" name=\"log\" id=\"user_login\" autocomplete=\"username\" class=\"input\" value=\"\" size=\"20\" \/>\n\t\t\t<\/p><p class=\"login-password\">\n\t\t\t\t<label for=\"user_pass\">Senha<\/label>\n\t\t\t\t<input type=\"password\" name=\"pwd\" id=\"user_pass\" autocomplete=\"current-password\" spellcheck=\"false\" class=\"input\" value=\"\" size=\"20\" \/>\n\t\t\t<\/p><p class=\"login-remember\"><label><input name=\"rememberme\" type=\"checkbox\" id=\"rememberme\" value=\"forever\" \/> Manter sess\u00e3o<\/label><\/p><p class=\"login-submit\">\n\t\t\t\t<input type=\"submit\" name=\"wp-submit\" id=\"wp-submit\" class=\"button button-primary\" value=\"Iniciar sess\u00e3o\" \/>\n\t\t\t\t<input type=\"hidden\" name=\"redirect_to\" value=\"\" \/>\n\t\t\t<\/p><\/form>\t<div class=\"pmpro_form_field-password-toggle\">\n\t\t<button type=\"button\" id=\"pmpro_btn-password-toggle-1\" class=\"pmpro_btn pmpro_btn-plain hide-if-no-js\" data-toggle=\"0\">\n\t\t\t<span class=\"pmpro_icon pmpro_icon-eye\" aria-hidden=\"true\"><svg xmlns=\"http:\/\/www.w3.org\/2000\/svg\" width=\"20\" height=\"20\" viewBox=\"0 0 24 24\" fill=\"none\" stroke=\"var(--pmpro--color--accent)\" stroke-width=\"2\" stroke-linecap=\"round\" stroke-linejoin=\"round\" class=\"feather feather-eye\"><path d=\"M1 12s4-8 11-8 11 8 11 8-4 8-11 8-11-8-11-8z\"><\/path><circle cx=\"12\" cy=\"12\" r=\"3\"><\/circle><\/svg><\/span>\n\t\t\t<span class=\"pmpro_form_field-password-toggle-state\">Show Password<\/span>\n\t\t<\/button>\n\t<\/div>\n\t<script>\n\t\t\/\/ Password visibility toggle (wp_login_form instance).\n\t\t(function() {\n\t\t\tconst toggleButton = document.querySelectorAll('#pmpro_btn-password-toggle-1')[0];\n\t\t\tconst toggleWrapper = toggleButton.closest('.pmpro_form_field-password-toggle');\n\t\t\tconst loginForm = toggleWrapper.previousElementSibling;\n\t\t\tconst passwordParagraph = loginForm.querySelector('.login-password');\n\t\t\tconst passwordInput = loginForm.querySelector('#user_pass');\n\n\t\t\tpasswordParagraph.appendChild(toggleWrapper);\n\t\t\ttoggleButton.classList.remove('hide-if-no-js');\n\t\t\ttoggleButton.addEventListener('click', togglePassword);\n\n\t\t\tfunction togglePassword() {\n\t\t\t\tconst status = this.getAttribute('data-toggle');\n\t\t\t\tconst passwordInputs = document.querySelectorAll('#user_pass');\n\t\t\t\tconst icon = this.getElementsByClassName('pmpro_icon')[0];\n\t\t\t\tconst state = this.getElementsByClassName('pmpro_form_field-password-toggle-state')[0];\n\n\t\t\t\tif (parseInt(status, 10) === 0) {\n\t\t\t\t\tthis.setAttribute('data-toggle', 1);\n\t\t\t\t\tpasswordInput.setAttribute( 'type', 'text' );\n\t\t\t\t\ticon.innerHTML = `\n\t\t\t\t\t\t<svg xmlns=\"http:\/\/www.w3.org\/2000\/svg\" width=\"20\" height=\"20\" viewBox=\"0 0 24 24\" fill=\"none\" stroke=\"var(--pmpro--color--accent)\" stroke-width=\"2\" stroke-linecap=\"round\" stroke-linejoin=\"round\" class=\"feather feather-eye-off\">\n\t\t\t\t\t\t\t<path d=\"M17.94 17.94A10.07 10.07 0 0 1 12 20c-7 0-11-8-11-8a18.45 18.45 0 0 1 5.06-5.94M9.9 4.24A9.12 9.12 0 0 1 12 4c7 0 11 8 11 8a18.5 18.5 0 0 1-2.16 3.19m-6.72-1.07a3 3 0 1 1-4.24-4.24\"><\/path>\n\t\t\t\t\t\t\t<line x1=\"1\" y1=\"1\" x2=\"23\" y2=\"23\"><\/line>\n\t\t\t\t\t\t<\/svg>`;\n\t\t\t\t\tstate.textContent = 'Hide Password';\n\t\t\t\t} else {\n\t\t\t\t\tthis.setAttribute('data-toggle', 0);\n\t\t\t\t\tpasswordInput.setAttribute( 'type', 'password' );\n\t\t\t\t\ticon.innerHTML = `\n\t\t\t\t\t\t<svg xmlns=\"http:\/\/www.w3.org\/2000\/svg\" width=\"20\" height=\"20\" viewBox=\"0 0 24 24\" fill=\"none\" stroke=\"var(--pmpro--color--accent)\" stroke-width=\"2\" stroke-linecap=\"round\" stroke-linejoin=\"round\" class=\"feather feather-eye\">\n\t\t\t\t\t\t\t<path d=\"M1 12s4-8 11-8 11 8 11 8-4 8-11 8-11-8-11-8z\"><\/path>\n\t\t\t\t\t\t\t<circle cx=\"12\" cy=\"12\" r=\"3\"><\/circle>\n\t\t\t\t\t\t<\/svg>`;\n\t\t\t\t\tstate.textContent = 'Show Password';\n\t\t\t\t}\n\t\t\t}\n\t\t})();\n\t<\/script>\n\t\t\t\t\t\t\t\t\t<\/div> <!-- end pmpro_card_content -->\n\t\t\t\t\t\t\t\t<div class=\"pmpro_card_actions\">\n\t\t\t\t\t\t\t\t\t\t<div class=\"pmpro_actions_nav\">\n\t\t<a href=\"https:\/\/aortic-africa.org\/login\/?action=reset_pass\">Lost Password?<\/a>\t<\/div> <!-- end pmpro_actions_nav -->\n\t\t\t\t\t\t\t\t\t<\/div> <!-- end pmpro_card_actions -->\n\t\t\t\t\t\t\t<\/div> <!-- end pmpro_login_wrap -->\n\t\t\t\t\t\t\t\n\t\t\t\t\t\t\t\t\t<\/section> <!-- end pmpro_login -->\n\t<\/div> <!-- end pmpro -->\n\t<\/div>\n\t\t\t\t\t\t<\/div>\n\t\t\t\t<\/div>\n\t\t<div class=\"elementor-element elementor-element-217fb6f e-con-full e-flex e-con e-child\" data-id=\"217fb6f\" data-element_type=\"container\" data-e-type=\"container\" data-settings=\"{&quot;jet_parallax_layout_list&quot;:[]}\">\n\t\t\t\t<div class=\"elementor-element elementor-element-ba5fc97 elementor-widget elementor-widget-heading\" data-id=\"ba5fc97\" data-element_type=\"widget\" data-e-type=\"widget\" data-widget_type=\"heading.default\">\n\t\t\t\t\t<h2 class=\"elementor-heading-title elementor-size-default\">Ainda n\u00e3o \u00e9 nosso membro?<\/h2>\t\t\t\t<\/div>\n\t\t\t\t<div class=\"elementor-element elementor-element-6c6edaf elementor-widget elementor-widget-heading\" data-id=\"6c6edaf\" data-element_type=\"widget\" data-e-type=\"widget\" data-widget_type=\"heading.default\">\n\t\t\t\t\t<h2 class=\"elementor-heading-title elementor-size-default\">Junte-se a n\u00f3s!<\/h2>\t\t\t\t<\/div>\n\t\t\t\t<div class=\"elementor-element elementor-element-7bed12a elementor-widget elementor-widget-button\" data-id=\"7bed12a\" data-element_type=\"widget\" data-e-type=\"widget\" data-widget_type=\"button.default\">\n\t\t\t\t\t\t\t\t\t\t<a class=\"elementor-button elementor-button-link elementor-size-sm\" href=\"https:\/\/aortic-africa.org\/pt-pt\/beneficios-da-adesao\/#membershipcategories\">\n\t\t\t\t\t\t<span class=\"elementor-button-content-wrapper\">\n\t\t\t\t\t\t\t\t\t<span class=\"elementor-button-text\">Torne-se membro<\/span>\n\t\t\t\t\t<\/span>\n\t\t\t\t\t<\/a>\n\t\t\t\t\t\t\t\t<\/div>\n\t\t\t\t<\/div>\n\t\t\t\t\t<\/div>\n\t\t\t\t<\/div>\n\t\t\t\t<\/div>\n\t\t","protected":false},"excerpt":{"rendered":"<p>Ainda n\u00e3o \u00e9 nosso membro? Junte-se a n\u00f3s! Torne-se membro<\/p>\n","protected":false},"author":1,"featured_media":0,"parent":0,"menu_order":0,"comment_status":"closed","ping_status":"closed","template":"","meta":{"_acf_changed":false,"pmpro_default_level":"","footnotes":""},"class_list":["post-20492","page","type-page","status-publish","hentry","pmpro-has-access"],"acf":[],"yoast_head":"<!-- This site is optimized with the Yoast SEO plugin v27.3 - https:\/\/yoast.com\/product\/yoast-seo-wordpress\/ -->\n<title>Iniciar sess\u00e3o - AORTIC AFRICA<\/title>\n<meta name=\"robots\" content=\"index, follow, max-snippet:-1, max-image-preview:large, max-video-preview:-1\" \/>\n<link rel=\"canonical\" href=\"https:\/\/aortic-africa.org\/login\/\" \/>\n<meta property=\"og:locale\" content=\"pt_PT\" \/>\n<meta property=\"og:type\" content=\"article\" \/>\n<meta property=\"og:title\" content=\"Iniciar sess\u00e3o - AORTIC AFRICA\" \/>\n<meta property=\"og:description\" content=\"Ainda n\u00e3o \u00e9 nosso membro? Junte-se a n\u00f3s! Torne-se membro\" \/>\n<meta property=\"og:url\" content=\"https:\/\/aortic-africa.org\/login\/\" \/>\n<meta property=\"og:site_name\" content=\"AORTIC AFRICA\" \/>\n<meta property=\"article:publisher\" content=\"https:\/\/www.facebook.com\/Aortic.Africa\/\" \/>\n<meta property=\"article:modified_time\" content=\"2026-01-26T11:19:28+00:00\" \/>\n<meta name=\"twitter:card\" content=\"summary_large_image\" \/>\n<meta name=\"twitter:site\" content=\"@aortic_africa\" \/>\n<script type=\"application\/ld+json\" class=\"yoast-schema-graph\">{\"@context\":\"https:\\\/\\\/schema.org\",\"@graph\":[{\"@type\":\"WebPage\",\"@id\":\"https:\\\/\\\/aortic-africa.org\\\/login\\\/\",\"url\":\"https:\\\/\\\/aortic-africa.org\\\/login\\\/\",\"name\":\"Iniciar sess\u00e3o - AORTIC AFRICA\",\"isPartOf\":{\"@id\":\"https:\\\/\\\/aortic-africa.org\\\/#website\"},\"datePublished\":\"2025-09-24T05:54:06+00:00\",\"dateModified\":\"2026-01-26T11:19:28+00:00\",\"breadcrumb\":{\"@id\":\"https:\\\/\\\/aortic-africa.org\\\/login\\\/#breadcrumb\"},\"inLanguage\":\"pt-PT\",\"potentialAction\":[{\"@type\":\"ReadAction\",\"target\":[\"https:\\\/\\\/aortic-africa.org\\\/login\\\/\"]}]},{\"@type\":\"BreadcrumbList\",\"@id\":\"https:\\\/\\\/aortic-africa.org\\\/login\\\/#breadcrumb\",\"itemListElement\":[{\"@type\":\"ListItem\",\"position\":1,\"name\":\"Home\",\"item\":\"https:\\\/\\\/aortic-africa.org\\\/pt-pt\\\/\"},{\"@type\":\"ListItem\",\"position\":2,\"name\":\"Iniciar sess\u00e3o\"}]},{\"@type\":\"WebSite\",\"@id\":\"https:\\\/\\\/aortic-africa.org\\\/#website\",\"url\":\"https:\\\/\\\/aortic-africa.org\\\/\",\"name\":\"AORTIC AFRICA\",\"description\":\"African Organization for Research &amp; Training in Cancer\",\"publisher\":{\"@id\":\"https:\\\/\\\/aortic-africa.org\\\/#organization\"},\"alternateName\":\"African Organization for Research & Training in Cancer\",\"potentialAction\":[{\"@type\":\"SearchAction\",\"target\":{\"@type\":\"EntryPoint\",\"urlTemplate\":\"https:\\\/\\\/aortic-africa.org\\\/?s={search_term_string}\"},\"query-input\":{\"@type\":\"PropertyValueSpecification\",\"valueRequired\":true,\"valueName\":\"search_term_string\"}}],\"inLanguage\":\"pt-PT\"},{\"@type\":\"Organization\",\"@id\":\"https:\\\/\\\/aortic-africa.org\\\/#organization\",\"name\":\"African Organisation for Research & Training in Cancer\",\"url\":\"https:\\\/\\\/aortic-africa.org\\\/\",\"logo\":{\"@type\":\"ImageObject\",\"inLanguage\":\"pt-PT\",\"@id\":\"https:\\\/\\\/aortic-africa.org\\\/#\\\/schema\\\/logo\\\/image\\\/\",\"url\":\"https:\\\/\\\/aortic-africa.org\\\/wp-content\\\/uploads\\\/2025\\\/09\\\/AORTIC-logoaortic.svg\",\"contentUrl\":\"https:\\\/\\\/aortic-africa.org\\\/wp-content\\\/uploads\\\/2025\\\/09\\\/AORTIC-logoaortic.svg\",\"width\":333,\"height\":172,\"caption\":\"African Organisation for Research & Training in Cancer\"},\"image\":{\"@id\":\"https:\\\/\\\/aortic-africa.org\\\/#\\\/schema\\\/logo\\\/image\\\/\"},\"sameAs\":[\"https:\\\/\\\/www.facebook.com\\\/Aortic.Africa\\\/\",\"https:\\\/\\\/x.com\\\/aortic_africa\",\"https:\\\/\\\/www.linkedin.com\\\/in\\\/aortic-africa-75313938\\\/\",\"https:\\\/\\\/www.youtube.com\\\/channel\\\/UC__H8k770TNa8UW_c9X_EdA\\\/\"]}]}<\/script>\n<!-- \/ Yoast SEO plugin. -->","yoast_head_json":{"title":"Iniciar sess\u00e3o - AORTIC AFRICA","robots":{"index":"index","follow":"follow","max-snippet":"max-snippet:-1","max-image-preview":"max-image-preview:large","max-video-preview":"max-video-preview:-1"},"canonical":"https:\/\/aortic-africa.org\/login\/","og_locale":"pt_PT","og_type":"article","og_title":"Iniciar sess\u00e3o - AORTIC AFRICA","og_description":"Ainda n\u00e3o \u00e9 nosso membro? Junte-se a n\u00f3s! Torne-se membro","og_url":"https:\/\/aortic-africa.org\/login\/","og_site_name":"AORTIC AFRICA","article_publisher":"https:\/\/www.facebook.com\/Aortic.Africa\/","article_modified_time":"2026-01-26T11:19:28+00:00","twitter_card":"summary_large_image","twitter_site":"@aortic_africa","schema":{"@context":"https:\/\/schema.org","@graph":[{"@type":"WebPage","@id":"https:\/\/aortic-africa.org\/login\/","url":"https:\/\/aortic-africa.org\/login\/","name":"Iniciar sess\u00e3o - AORTIC AFRICA","isPartOf":{"@id":"https:\/\/aortic-africa.org\/#website"},"datePublished":"2025-09-24T05:54:06+00:00","dateModified":"2026-01-26T11:19:28+00:00","breadcrumb":{"@id":"https:\/\/aortic-africa.org\/login\/#breadcrumb"},"inLanguage":"pt-PT","potentialAction":[{"@type":"ReadAction","target":["https:\/\/aortic-africa.org\/login\/"]}]},{"@type":"BreadcrumbList","@id":"https:\/\/aortic-africa.org\/login\/#breadcrumb","itemListElement":[{"@type":"ListItem","position":1,"name":"Home","item":"https:\/\/aortic-africa.org\/pt-pt\/"},{"@type":"ListItem","position":2,"name":"Iniciar sess\u00e3o"}]},{"@type":"WebSite","@id":"https:\/\/aortic-africa.org\/#website","url":"https:\/\/aortic-africa.org\/","name":"AORTIC AFRICA","description":"African Organization for Research &amp; Training in Cancer","publisher":{"@id":"https:\/\/aortic-africa.org\/#organization"},"alternateName":"African Organization for Research & Training in Cancer","potentialAction":[{"@type":"SearchAction","target":{"@type":"EntryPoint","urlTemplate":"https:\/\/aortic-africa.org\/?s={search_term_string}"},"query-input":{"@type":"PropertyValueSpecification","valueRequired":true,"valueName":"search_term_string"}}],"inLanguage":"pt-PT"},{"@type":"Organization","@id":"https:\/\/aortic-africa.org\/#organization","name":"African Organisation for Research & Training in Cancer","url":"https:\/\/aortic-africa.org\/","logo":{"@type":"ImageObject","inLanguage":"pt-PT","@id":"https:\/\/aortic-africa.org\/#\/schema\/logo\/image\/","url":"https:\/\/aortic-africa.org\/wp-content\/uploads\/2025\/09\/AORTIC-logoaortic.svg","contentUrl":"https:\/\/aortic-africa.org\/wp-content\/uploads\/2025\/09\/AORTIC-logoaortic.svg","width":333,"height":172,"caption":"African Organisation for Research & Training in Cancer"},"image":{"@id":"https:\/\/aortic-africa.org\/#\/schema\/logo\/image\/"},"sameAs":["https:\/\/www.facebook.com\/Aortic.Africa\/","https:\/\/x.com\/aortic_africa","https:\/\/www.linkedin.com\/in\/aortic-africa-75313938\/","https:\/\/www.youtube.com\/channel\/UC__H8k770TNa8UW_c9X_EdA\/"]}]}},"_links":{"self":[{"href":"https:\/\/aortic-africa.org\/pt-pt\/wp-json\/wp\/v2\/pages\/20492","targetHints":{"allow":["GET"]}}],"collection":[{"href":"https:\/\/aortic-africa.org\/pt-pt\/wp-json\/wp\/v2\/pages"}],"about":[{"href":"https:\/\/aortic-africa.org\/pt-pt\/wp-json\/wp\/v2\/types\/page"}],"author":[{"embeddable":true,"href":"https:\/\/aortic-africa.org\/pt-pt\/wp-json\/wp\/v2\/users\/1"}],"replies":[{"embeddable":true,"href":"https:\/\/aortic-africa.org\/pt-pt\/wp-json\/wp\/v2\/comments?post=20492"}],"version-history":[{"count":1,"href":"https:\/\/aortic-africa.org\/pt-pt\/wp-json\/wp\/v2\/pages\/20492\/revisions"}],"predecessor-version":[{"id":20493,"href":"https:\/\/aortic-africa.org\/pt-pt\/wp-json\/wp\/v2\/pages\/20492\/revisions\/20493"}],"wp:attachment":[{"href":"https:\/\/aortic-africa.org\/pt-pt\/wp-json\/wp\/v2\/media?parent=20492"}],"curies":[{"name":"wp","href":"https:\/\/api.w.org\/{rel}","templated":true}]}}