{"id":32697,"date":"2026-03-16T12:19:35","date_gmt":"2026-03-16T10:19:35","guid":{"rendered":"https:\/\/aortic-africa.org\/?page_id=32697"},"modified":"2026-03-16T12:19:53","modified_gmt":"2026-03-16T10:19:53","slug":"o-melhor-da-asco-africa-2","status":"publish","type":"page","link":"https:\/\/aortic-africa.org\/pt-pt\/o-melhor-da-asco-africa-2\/","title":{"rendered":"O melhor da ASCO \u00c1frica"},"content":{"rendered":"\t\t<div data-elementor-type=\"wp-page\" data-elementor-id=\"32697\" class=\"elementor elementor-32697 elementor-32694\" data-elementor-post-type=\"page\">\n\t\t\t\t<div class=\"elementor-element elementor-element-3584274 e-flex e-con-boxed e-con e-parent\" data-id=\"3584274\" data-element_type=\"container\" data-e-type=\"container\" data-settings=\"{&quot;jet_parallax_layout_list&quot;:[]}\">\n\t\t\t\t\t<div class=\"e-con-inner\">\n\t\t\t\t<div class=\"elementor-element elementor-element-c99acb4 dce_masking-none elementor-widget elementor-widget-image\" data-id=\"c99acb4\" data-element_type=\"widget\" data-e-type=\"widget\" data-widget_type=\"image.default\">\n\t\t\t\t\t\t\t\t\t\t\t\t\t\t\t<img fetchpriority=\"high\" decoding=\"async\" width=\"297\" height=\"300\" src=\"https:\/\/aortic-africa.org\/wp-content\/uploads\/2026\/01\/PALOP-FY26-LOGO_BG-297x300.png\" class=\"attachment-medium size-medium wp-image-19728\" alt=\"\" srcset=\"https:\/\/aortic-africa.org\/wp-content\/uploads\/2026\/01\/PALOP-FY26-LOGO_BG-297x300.png 297w, https:\/\/aortic-africa.org\/wp-content\/uploads\/2026\/01\/PALOP-FY26-LOGO_BG.png 703w\" sizes=\"(max-width: 297px) 100vw, 297px\" \/>\t\t\t\t\t\t\t\t\t\t\t\t\t\t\t<\/div>\n\t\t\t\t<div class=\"elementor-element elementor-element-ea69191 elementor-widget elementor-widget-text-editor\" data-id=\"ea69191\" data-element_type=\"widget\" data-e-type=\"widget\" data-widget_type=\"text-editor.default\">\n\t\t\t\t\t\t\t\t\t<p>O programa de dois dias foi concebido para fornecer a mais recente ci\u00eancia e educa\u00e7\u00e3o do principal evento de oncologia do mundo, a Reuni\u00e3o Anual da ASCO\u00ae. Os resumos selecionados para apresenta\u00e7\u00e3o e discuss\u00e3o refletem a mais importante investiga\u00e7\u00e3o e estrat\u00e9gias em oncologia que ir\u00e3o impactar a pr\u00e1tica cl\u00ednica e os cuidados ao paciente. O programa apresenta uma discuss\u00e3o e an\u00e1lise aprofundadas das \u00faltimas descobertas cient\u00edficas em locais de doen\u00e7as prim\u00e1rias e avan\u00e7os na altera\u00e7\u00e3o da pr\u00e1tica no tratamento do cancro. O corpo docente especializado ir\u00e1 rever as descobertas, discutir o impacto potencial dos resultados no padr\u00e3o de atendimento atual e aplicar os resultados dentro do contexto cl\u00ednico de um caso de paciente.   <\/p><p>O melhor da ASCO \u00c1frica 2026<\/p><p><em>Detalhes em breve.<\/em><\/p><p> <\/p><p>O melhor da ASCO \u00c1frica 2025<\/p><p>A ser adicionado.<\/p>\t\t\t\t\t\t\t\t<\/div>\n\t\t\t\t<div class=\"elementor-element elementor-element-4a23751 border-0 menu-align-left elementor-widget elementor-widget-single-posts-menu\" data-id=\"4a23751\" data-element_type=\"widget\" data-e-type=\"widget\" data-widget_type=\"single-posts-menu.default\">\n\t\t\t\t<div class=\"elementor-widget-container\">\n\t\t\t\t\t<nav class=\"dce-menu vertical\"><h4 class=\"dce-parent-title\"><\/h4><ul class=\"first-level\"><li class=\"item-19923\"><a href=\"https:\/\/aortic-africa.org\/pt-pt\/aortic-best-of-asco-africa-reflexoes-de-addis-miriam-mutebi\/\">AORTIC Best of ASCO Africa \u2013 Reflex\u00f5es de Addis, Miriam Mutebi<\/a><\/li><\/ul><\/nav>\t\t\t\t<\/div>\n\t\t\t\t<\/div>\n\t\t\t\t\t<\/div>\n\t\t\t\t<\/div>\n\t\t\t\t<\/div>\n\t\t","protected":false},"excerpt":{"rendered":"<p>O programa de dois dias foi concebido para fornecer a mais recente ci\u00eancia e educa\u00e7\u00e3o do principal evento de oncologia do mundo, a Reuni\u00e3o Anual da ASCO\u00ae. Os resumos selecionados [&hellip;]<\/p>\n","protected":false},"author":3917,"featured_media":19990,"parent":0,"menu_order":0,"comment_status":"closed","ping_status":"closed","template":"","meta":{"_acf_changed":false,"pmpro_default_level":"","footnotes":""},"class_list":["post-32697","page","type-page","status-publish","has-post-thumbnail","hentry","pmpro-has-access"],"acf":[],"yoast_head":"<!-- This site is optimized with the Yoast SEO plugin v27.3 - https:\/\/yoast.com\/product\/yoast-seo-wordpress\/ -->\n<title>O melhor da ASCO \u00c1frica - AORTIC AFRICA<\/title>\n<meta name=\"robots\" content=\"index, follow, max-snippet:-1, max-image-preview:large, max-video-preview:-1\" \/>\n<link rel=\"canonical\" href=\"https:\/\/aortic-africa.org\/aortic-palop-vii-conference-2026\/\" \/>\n<meta property=\"og:locale\" content=\"pt_PT\" \/>\n<meta property=\"og:type\" content=\"article\" \/>\n<meta property=\"og:title\" content=\"O melhor da ASCO \u00c1frica - AORTIC AFRICA\" \/>\n<meta property=\"og:description\" content=\"O programa de dois dias foi concebido para fornecer a mais recente ci\u00eancia e educa\u00e7\u00e3o do principal evento de oncologia do mundo, a Reuni\u00e3o Anual da ASCO\u00ae. Os resumos selecionados [&hellip;]\" \/>\n<meta property=\"og:url\" content=\"https:\/\/aortic-africa.org\/aortic-palop-vii-conference-2026\/\" \/>\n<meta property=\"og:site_name\" content=\"AORTIC AFRICA\" \/>\n<meta property=\"article:publisher\" content=\"https:\/\/www.facebook.com\/Aortic.Africa\/\" \/>\n<meta property=\"article:modified_time\" content=\"2026-03-16T10:19:53+00:00\" \/>\n<meta property=\"og:image\" content=\"https:\/\/aortic-africa.org\/wp-content\/uploads\/2025\/12\/OfficiallyLicensed_BOA-CMYK-scaled.jpg\" \/>\n\t<meta property=\"og:image:width\" content=\"2560\" \/>\n\t<meta property=\"og:image:height\" content=\"524\" \/>\n\t<meta property=\"og:image:type\" content=\"image\/jpeg\" \/>\n<meta name=\"twitter:card\" content=\"summary_large_image\" \/>\n<meta name=\"twitter:site\" content=\"@aortic_africa\" \/>\n<meta name=\"twitter:label1\" content=\"Tempo estimado de leitura\" \/>\n\t<meta name=\"twitter:data1\" content=\"1 minuto\" \/>\n<script type=\"application\/ld+json\" class=\"yoast-schema-graph\">{\"@context\":\"https:\\\/\\\/schema.org\",\"@graph\":[{\"@type\":\"WebPage\",\"@id\":\"https:\\\/\\\/aortic-africa.org\\\/aortic-palop-vii-conference-2026\\\/\",\"url\":\"https:\\\/\\\/aortic-africa.org\\\/aortic-palop-vii-conference-2026\\\/\",\"name\":\"O melhor da ASCO \u00c1frica - AORTIC AFRICA\",\"isPartOf\":{\"@id\":\"https:\\\/\\\/aortic-africa.org\\\/#website\"},\"primaryImageOfPage\":{\"@id\":\"https:\\\/\\\/aortic-africa.org\\\/aortic-palop-vii-conference-2026\\\/#primaryimage\"},\"image\":{\"@id\":\"https:\\\/\\\/aortic-africa.org\\\/aortic-palop-vii-conference-2026\\\/#primaryimage\"},\"thumbnailUrl\":\"https:\\\/\\\/aortic-africa.org\\\/wp-content\\\/uploads\\\/2025\\\/12\\\/OfficiallyLicensed_BOA-CMYK-scaled.jpg\",\"datePublished\":\"2026-03-16T10:19:35+00:00\",\"dateModified\":\"2026-03-16T10:19:53+00:00\",\"breadcrumb\":{\"@id\":\"https:\\\/\\\/aortic-africa.org\\\/aortic-palop-vii-conference-2026\\\/#breadcrumb\"},\"inLanguage\":\"pt-PT\",\"potentialAction\":[{\"@type\":\"ReadAction\",\"target\":[\"https:\\\/\\\/aortic-africa.org\\\/aortic-palop-vii-conference-2026\\\/\"]}]},{\"@type\":\"ImageObject\",\"inLanguage\":\"pt-PT\",\"@id\":\"https:\\\/\\\/aortic-africa.org\\\/aortic-palop-vii-conference-2026\\\/#primaryimage\",\"url\":\"https:\\\/\\\/aortic-africa.org\\\/wp-content\\\/uploads\\\/2025\\\/12\\\/OfficiallyLicensed_BOA-CMYK-scaled.jpg\",\"contentUrl\":\"https:\\\/\\\/aortic-africa.org\\\/wp-content\\\/uploads\\\/2025\\\/12\\\/OfficiallyLicensed_BOA-CMYK-scaled.jpg\",\"width\":2560,\"height\":524},{\"@type\":\"BreadcrumbList\",\"@id\":\"https:\\\/\\\/aortic-africa.org\\\/aortic-palop-vii-conference-2026\\\/#breadcrumb\",\"itemListElement\":[{\"@type\":\"ListItem\",\"position\":1,\"name\":\"Home\",\"item\":\"https:\\\/\\\/aortic-africa.org\\\/pt-pt\\\/\"},{\"@type\":\"ListItem\",\"position\":2,\"name\":\"O melhor da ASCO \u00c1frica\"}]},{\"@type\":\"WebSite\",\"@id\":\"https:\\\/\\\/aortic-africa.org\\\/#website\",\"url\":\"https:\\\/\\\/aortic-africa.org\\\/\",\"name\":\"AORTIC AFRICA\",\"description\":\"African Organization for Research &amp; Training in Cancer\",\"publisher\":{\"@id\":\"https:\\\/\\\/aortic-africa.org\\\/#organization\"},\"alternateName\":\"African Organization for Research & Training in Cancer\",\"potentialAction\":[{\"@type\":\"SearchAction\",\"target\":{\"@type\":\"EntryPoint\",\"urlTemplate\":\"https:\\\/\\\/aortic-africa.org\\\/?s={search_term_string}\"},\"query-input\":{\"@type\":\"PropertyValueSpecification\",\"valueRequired\":true,\"valueName\":\"search_term_string\"}}],\"inLanguage\":\"pt-PT\"},{\"@type\":\"Organization\",\"@id\":\"https:\\\/\\\/aortic-africa.org\\\/#organization\",\"name\":\"African Organisation for Research & Training in Cancer\",\"url\":\"https:\\\/\\\/aortic-africa.org\\\/\",\"logo\":{\"@type\":\"ImageObject\",\"inLanguage\":\"pt-PT\",\"@id\":\"https:\\\/\\\/aortic-africa.org\\\/#\\\/schema\\\/logo\\\/image\\\/\",\"url\":\"https:\\\/\\\/aortic-africa.org\\\/wp-content\\\/uploads\\\/2025\\\/09\\\/AORTIC-logoaortic.svg\",\"contentUrl\":\"https:\\\/\\\/aortic-africa.org\\\/wp-content\\\/uploads\\\/2025\\\/09\\\/AORTIC-logoaortic.svg\",\"width\":333,\"height\":172,\"caption\":\"African Organisation for Research & Training in Cancer\"},\"image\":{\"@id\":\"https:\\\/\\\/aortic-africa.org\\\/#\\\/schema\\\/logo\\\/image\\\/\"},\"sameAs\":[\"https:\\\/\\\/www.facebook.com\\\/Aortic.Africa\\\/\",\"https:\\\/\\\/x.com\\\/aortic_africa\",\"https:\\\/\\\/www.linkedin.com\\\/in\\\/aortic-africa-75313938\\\/\",\"https:\\\/\\\/www.youtube.com\\\/channel\\\/UC__H8k770TNa8UW_c9X_EdA\\\/\"]}]}<\/script>\n<!-- \/ Yoast SEO plugin. -->","yoast_head_json":{"title":"O melhor da ASCO \u00c1frica - AORTIC AFRICA","robots":{"index":"index","follow":"follow","max-snippet":"max-snippet:-1","max-image-preview":"max-image-preview:large","max-video-preview":"max-video-preview:-1"},"canonical":"https:\/\/aortic-africa.org\/aortic-palop-vii-conference-2026\/","og_locale":"pt_PT","og_type":"article","og_title":"O melhor da ASCO \u00c1frica - AORTIC AFRICA","og_description":"O programa de dois dias foi concebido para fornecer a mais recente ci\u00eancia e educa\u00e7\u00e3o do principal evento de oncologia do mundo, a Reuni\u00e3o Anual da ASCO\u00ae. Os resumos selecionados [&hellip;]","og_url":"https:\/\/aortic-africa.org\/aortic-palop-vii-conference-2026\/","og_site_name":"AORTIC AFRICA","article_publisher":"https:\/\/www.facebook.com\/Aortic.Africa\/","article_modified_time":"2026-03-16T10:19:53+00:00","og_image":[{"width":2560,"height":524,"url":"https:\/\/aortic-africa.org\/wp-content\/uploads\/2025\/12\/OfficiallyLicensed_BOA-CMYK-scaled.jpg","type":"image\/jpeg"}],"twitter_card":"summary_large_image","twitter_site":"@aortic_africa","twitter_misc":{"Tempo estimado de leitura":"1 minuto"},"schema":{"@context":"https:\/\/schema.org","@graph":[{"@type":"WebPage","@id":"https:\/\/aortic-africa.org\/aortic-palop-vii-conference-2026\/","url":"https:\/\/aortic-africa.org\/aortic-palop-vii-conference-2026\/","name":"O melhor da ASCO \u00c1frica - AORTIC AFRICA","isPartOf":{"@id":"https:\/\/aortic-africa.org\/#website"},"primaryImageOfPage":{"@id":"https:\/\/aortic-africa.org\/aortic-palop-vii-conference-2026\/#primaryimage"},"image":{"@id":"https:\/\/aortic-africa.org\/aortic-palop-vii-conference-2026\/#primaryimage"},"thumbnailUrl":"https:\/\/aortic-africa.org\/wp-content\/uploads\/2025\/12\/OfficiallyLicensed_BOA-CMYK-scaled.jpg","datePublished":"2026-03-16T10:19:35+00:00","dateModified":"2026-03-16T10:19:53+00:00","breadcrumb":{"@id":"https:\/\/aortic-africa.org\/aortic-palop-vii-conference-2026\/#breadcrumb"},"inLanguage":"pt-PT","potentialAction":[{"@type":"ReadAction","target":["https:\/\/aortic-africa.org\/aortic-palop-vii-conference-2026\/"]}]},{"@type":"ImageObject","inLanguage":"pt-PT","@id":"https:\/\/aortic-africa.org\/aortic-palop-vii-conference-2026\/#primaryimage","url":"https:\/\/aortic-africa.org\/wp-content\/uploads\/2025\/12\/OfficiallyLicensed_BOA-CMYK-scaled.jpg","contentUrl":"https:\/\/aortic-africa.org\/wp-content\/uploads\/2025\/12\/OfficiallyLicensed_BOA-CMYK-scaled.jpg","width":2560,"height":524},{"@type":"BreadcrumbList","@id":"https:\/\/aortic-africa.org\/aortic-palop-vii-conference-2026\/#breadcrumb","itemListElement":[{"@type":"ListItem","position":1,"name":"Home","item":"https:\/\/aortic-africa.org\/pt-pt\/"},{"@type":"ListItem","position":2,"name":"O melhor da ASCO \u00c1frica"}]},{"@type":"WebSite","@id":"https:\/\/aortic-africa.org\/#website","url":"https:\/\/aortic-africa.org\/","name":"AORTIC AFRICA","description":"African Organization for Research &amp; Training in Cancer","publisher":{"@id":"https:\/\/aortic-africa.org\/#organization"},"alternateName":"African Organization for Research & Training in Cancer","potentialAction":[{"@type":"SearchAction","target":{"@type":"EntryPoint","urlTemplate":"https:\/\/aortic-africa.org\/?s={search_term_string}"},"query-input":{"@type":"PropertyValueSpecification","valueRequired":true,"valueName":"search_term_string"}}],"inLanguage":"pt-PT"},{"@type":"Organization","@id":"https:\/\/aortic-africa.org\/#organization","name":"African Organisation for Research & Training in Cancer","url":"https:\/\/aortic-africa.org\/","logo":{"@type":"ImageObject","inLanguage":"pt-PT","@id":"https:\/\/aortic-africa.org\/#\/schema\/logo\/image\/","url":"https:\/\/aortic-africa.org\/wp-content\/uploads\/2025\/09\/AORTIC-logoaortic.svg","contentUrl":"https:\/\/aortic-africa.org\/wp-content\/uploads\/2025\/09\/AORTIC-logoaortic.svg","width":333,"height":172,"caption":"African Organisation for Research & Training in Cancer"},"image":{"@id":"https:\/\/aortic-africa.org\/#\/schema\/logo\/image\/"},"sameAs":["https:\/\/www.facebook.com\/Aortic.Africa\/","https:\/\/x.com\/aortic_africa","https:\/\/www.linkedin.com\/in\/aortic-africa-75313938\/","https:\/\/www.youtube.com\/channel\/UC__H8k770TNa8UW_c9X_EdA\/"]}]}},"_links":{"self":[{"href":"https:\/\/aortic-africa.org\/pt-pt\/wp-json\/wp\/v2\/pages\/32697","targetHints":{"allow":["GET"]}}],"collection":[{"href":"https:\/\/aortic-africa.org\/pt-pt\/wp-json\/wp\/v2\/pages"}],"about":[{"href":"https:\/\/aortic-africa.org\/pt-pt\/wp-json\/wp\/v2\/types\/page"}],"author":[{"embeddable":true,"href":"https:\/\/aortic-africa.org\/pt-pt\/wp-json\/wp\/v2\/users\/3917"}],"replies":[{"embeddable":true,"href":"https:\/\/aortic-africa.org\/pt-pt\/wp-json\/wp\/v2\/comments?post=32697"}],"version-history":[{"count":2,"href":"https:\/\/aortic-africa.org\/pt-pt\/wp-json\/wp\/v2\/pages\/32697\/revisions"}],"predecessor-version":[{"id":36251,"href":"https:\/\/aortic-africa.org\/pt-pt\/wp-json\/wp\/v2\/pages\/32697\/revisions\/36251"}],"wp:featuredmedia":[{"embeddable":true,"href":"https:\/\/aortic-africa.org\/pt-pt\/wp-json\/wp\/v2\/media\/19990"}],"wp:attachment":[{"href":"https:\/\/aortic-africa.org\/pt-pt\/wp-json\/wp\/v2\/media?parent=32697"}],"curies":[{"name":"wp","href":"https:\/\/api.w.org\/{rel}","templated":true}]}}